{"id":5235,"date":"2025-08-17T17:19:30","date_gmt":"2025-08-17T17:19:30","guid":{"rendered":"https:\/\/adventure-hunt.com\/become-an-affiliate\/"},"modified":"2025-08-17T17:19:30","modified_gmt":"2025-08-17T17:19:30","slug":"partner-werden","status":"publish","type":"page","link":"https:\/\/adventure-hunt.com\/de\/become-an-affiliate\/","title":{"rendered":"Werden Sie ein Partner"},"content":{"rendered":"<p>Nehmen Sie an unserem Partnerprogramm teil und verdienen Sie Provisionen f\u00fcr jeden erfolgreichen Verkauf, den Sie vermitteln, oder f\u00fcr die Anmeldung eines neuen Kunden. Bewerben Sie sich noch heute und fangen Sie an zu verdienen!<\/p>\n<div class=\"uap-register-form  uap-register-14\">\r\n\r\n\t\r\n\t<form action=\"\" method=\"post\" name=\"uap_createuser\" id=\"uap_createuser\" class=\"uap-form-create-edit\" enctype=\"multipart\/form-data\" data-trp-original-action=\"\"  >\r\n\r\n\t\t\r\n\t\t\t\t\t\t\t\t\t\t\t\t\t\t<div class=\"uap-form-line-register uap-form-text\" id=\"uap_reg_text_9934\"><label class=\"uap-labels-register\">Username<span class=\"uap-color-red\">*<\/span><\/label><input type=\"text\" name=\"user_login\" id=\"uap_user_login_field\" class=\"uap-form-element uap-form-element-text\" value=\"\" placeholder=\"\"   \/><\/div>\t\t\t\t\t\t\t\t\t\t\t\t<div class=\"uap-form-line-register uap-form-text\" id=\"uap_reg_text_3010\"><label class=\"uap-labels-register\">First Name<span class=\"uap-color-red\">*<\/span><\/label><input type=\"text\" name=\"first_name\" id=\"uap_first_name_field\" class=\"uap-form-element uap-form-element-text\" value=\"\" placeholder=\"\"   \/><\/div>\t\t\t\t\t\t\t\t\t\t\t\t<div class=\"uap-form-line-register uap-form-text\" id=\"uap_reg_text_7550\"><label class=\"uap-labels-register\">Last Name<span class=\"uap-color-red\">*<\/span><\/label><input type=\"text\" name=\"last_name\" id=\"uap_last_name_field\" class=\"uap-form-element uap-form-element-text\" value=\"\" placeholder=\"\"   \/><\/div>\t\t\t\t\t\t\t\t\t\t\t\t<div class=\"uap-form-line-register uap-form-text\" id=\"uap_reg_text_2486\"><label class=\"uap-labels-register\">Email<span class=\"uap-color-red\">*<\/span><\/label><input type=\"text\" name=\"user_email\" id=\"uap_user_email_field\" class=\"uap-form-element uap-form-element-text\" value=\"\" placeholder=\"\"   \/><\/div>\t\t\t\t\t\t\t\t\t\t\t\t\t\t\t\t\t\t\t\t<div class=\"uap-form-line-register uap-form-password\" id=\"uap_reg_password_6480\"><label class=\"uap-labels-register\">Password<span class=\"uap-color-red\">*<\/span><\/label><input type=\"password\" name=\"pass1\" id=\"uap_pass1_field\" class=\"uap-form-element uap-form-element-password\" value=\"\" placeholder=\"\"  data-rules=\"6,1\"  autocomplete=\"new-password\" \/><div class=\"uap-strength-wrapper\"><ul class=\"uap-strength\"><li class=\"point\"><\/li><li class=\"point\"><\/li><li class=\"point\"><\/li><li class=\"point\"><\/li><li class=\"point\"><\/li><\/ul><div class=\"uap-strength-label\"><\/div><\/div><\/div>\t\t\t\t\t\t\t\t\t\t\t\t<div class=\"uap-form-line-register uap-form-password\" id=\"uap_reg_password_783\"><label class=\"uap-labels-register\">Password Confirmation<span class=\"uap-color-red\">*<\/span><\/label><input type=\"password\" name=\"pass2\" id=\"uap_pass2_field\" class=\"uap-form-element uap-form-element-password\" value=\"\" placeholder=\"\"  data-rules=\"6,1\"  autocomplete=\"new-password\" \/><div class=\"uap-strength-wrapper\"><ul class=\"uap-strength\"><li class=\"point\"><\/li><li class=\"point\"><\/li><li class=\"point\"><\/li><li class=\"point\"><\/li><li class=\"point\"><\/li><\/ul><div class=\"uap-strength-label\"><\/div><\/div><\/div>\t\t\t\t\t\t\t\t\t\t\t\t\t\t\t\t\t\t\t\t\t\t\t\t\t\t\t\t\t\t\t\t\t\t\t\t\t\t\t\t\t\t\t\t\t\t\t\t<div class=\"uap-form-line-register uap-form-textarea\" id=\"uap_reg_textarea_965\"><label class=\"uap-labels-register\">Direkte Einzahlung (Auszahlungsdetails)<\/label><textarea name=\"uap_affiliate_bank_transfer_data\" id=\"uap_uap_affiliate_bank_transfer_data_field\" class=\"uap-form-element uap-form-element-textarea uap-form-textarea\"   ><\/textarea><label class=\"uap-form-sublabel\">Bankverbindung f\u00fcr die \u00dcberweisung.<\/label><\/div>\t\t\t\t\t\t\t\t\t\t\t\t<div class=\"uap-form-line-register uap-form-textarea\" id=\"uap_reg_textarea_6727\"><label class=\"uap-labels-register\">Wie werden Sie f\u00fcr uns werben?<\/label><textarea name=\"how_promote\" id=\"uap_how_promote_field\" class=\"uap-form-element uap-form-element-textarea uap-form-textarea\"   ><\/textarea><label class=\"uap-form-sublabel\">Erz\u00e4hlen Sie uns etwas \u00fcber sich selbst und wie Sie f\u00fcr unsere Produkte werben wollen.<\/label><\/div>\t\t\t\t\t\t\t\t\t\t\t\t<div class=\"uap-tos-wrap\" id=\"uap_tos_field_parent_161\"><input type=\"checkbox\" value=\"1\" name=\"tos\" class=\"\" \/><a href=\"https:\/\/adventure-hunt.com\/de\/affiliate-tos-page\/\" target=\"_blank\">Akzeptieren Sie unsere Allgemeinen Gesch\u00e4ftsbedingungen<\/a><\/div>\t\t\t\t\t\t\t\t\t\t\t\t\t\t\t\t\t\t\t\t\t\t\t\t\t\t\t\t\t\t\t\t\t\t<input type='hidden' name='uap_user_add_edit_nonce' value='190ee0fef5' \/>\t\t\t\t\t\t\t<input type=\"hidden\" name=\"uapaction\" id=\"uap_uapaction_field\" class=\"uap-form-element uap-form-element-hidden\" value=\"register\"  \/>\t\t\t\t\t\r\n\t\t\r\n\t\t        \t<div class=\"uap-register-row-left\">\r\n        \r\n\t\t<div class=\"uap-submit-form\">\r\n\t\t\t<input type=\"submit\" value=\"Register\" name=\"Submit\" id=\"uap_submit_bttn\" class=\"uap-form-element uap-form-element-submit\"   \/>\t\t<\/div>\r\n\r\n                \t<\/div>\r\n            <div class=\"uap-register-row-right\">\r\n            <div class=\"uap-login-link\"><a href=\"https:\/\/adventure-hunt.com\/de\/affiliate-login\/\">LogIn<\/a><\/div>            <\/div>\r\n            <div class=\"uap-clear\"><\/div>\r\n        \r\n\t\t\r\n\t\t\r\n\t<input type=\"hidden\" name=\"trp-form-language\" value=\"de\"\/><\/form>\r\n<\/div>","protected":false},"excerpt":{"rendered":"<p>Nehmen Sie an unserem Partnerprogramm teil und verdienen Sie Provisionen f\u00fcr jeden erfolgreichen Verkauf, den Sie vermitteln, oder f\u00fcr die Anmeldung eines neuen Kunden. Bewerben Sie sich noch heute und fangen Sie an zu verdienen!<\/p>","protected":false},"author":2,"featured_media":0,"parent":0,"menu_order":0,"comment_status":"closed","ping_status":"closed","template":"","meta":{"_et_pb_use_builder":"","_et_pb_old_content":"","_et_gb_content_width":"","footnotes":""},"class_list":["post-5235","page","type-page","status-publish","hentry"],"_links":{"self":[{"href":"https:\/\/adventure-hunt.com\/de\/wp-json\/wp\/v2\/pages\/5235","targetHints":{"allow":["GET"]}}],"collection":[{"href":"https:\/\/adventure-hunt.com\/de\/wp-json\/wp\/v2\/pages"}],"about":[{"href":"https:\/\/adventure-hunt.com\/de\/wp-json\/wp\/v2\/types\/page"}],"author":[{"embeddable":true,"href":"https:\/\/adventure-hunt.com\/de\/wp-json\/wp\/v2\/users\/2"}],"replies":[{"embeddable":true,"href":"https:\/\/adventure-hunt.com\/de\/wp-json\/wp\/v2\/comments?post=5235"}],"version-history":[{"count":0,"href":"https:\/\/adventure-hunt.com\/de\/wp-json\/wp\/v2\/pages\/5235\/revisions"}],"wp:attachment":[{"href":"https:\/\/adventure-hunt.com\/de\/wp-json\/wp\/v2\/media?parent=5235"}],"curies":[{"name":"wp","href":"https:\/\/api.w.org\/{rel}","templated":true}]}}