{"id":5240,"date":"2025-08-17T17:19:39","date_gmt":"2025-08-17T17:19:39","guid":{"rendered":"https:\/\/adventure-hunt.com\/affiliate-reset-password-2\/"},"modified":"2026-03-30T18:39:50","modified_gmt":"2026-03-30T18:39:50","slug":"partner-passwort-zurucksetzen-2","status":"publish","type":"page","link":"https:\/\/adventure-hunt.com\/de\/affiliate-reset-password-2\/","title":{"rendered":"Partner Passwort zur\u00fccksetzen"},"content":{"rendered":"<p>Bitte geben Sie unten Ihren Benutzernamen oder Ihre E-Mail-Adresse ein. Sie erhalten dann einen Link zur Best\u00e4tigung der Anfrage per E-Mail. Sie erhalten ein neu generiertes Passwort, das Sie sp\u00e4ter im Partnerportal \u00e4ndern k\u00f6nnen.<\/p>\n<div class=\"uap-pass-form-wrap uap-login-template-9\">\r\n\t\t<form method=\"post\" action=\"\" >\r\n\t\t<input type=\"hidden\" name=\"uap_reset_password_nonce\" value=\"f4f659b820\" \/>\r\n\t\t<input name=\"uapaction\" type=\"hidden\" value=\"reset_pass\">\r\n\r\n\t\t\t\t\t\t<div class=\"uap-form-line-fr\">\r\n\t\t\t\t\t\t<i class=\"fa-uap fa-username-uap\"><\/i>\r\n\t\t\t\t\t\t<input type=\"text\" value=\"\" name=\"email_or_userlogin\" placeholder=\"Username or Email Address\" \/>\r\n\t\t\t\t\t<\/div>\r\n\t\t\t\t\t<div class=\"uap-form-line-fr uap-form-submit\">\r\n\t\t\t\t\t\t<input type=\"submit\" value=\"Reset Password\" name=\"Submit\" class=\"button button-primary button-large uap-reset-password-button\" \/>\r\n\t\t\t\t\t<\/div>\r\n\t\t\t\t\r\n\t<input type=\"hidden\" name=\"trp-form-language\" value=\"de\"\/><\/form>\r\n\r\n<\/div>","protected":false},"excerpt":{"rendered":"<p>Bitte geben Sie unten Ihren Benutzernamen oder Ihre E-Mail-Adresse ein. Sie erhalten dann einen Link zur Best\u00e4tigung der Anfrage per E-Mail. Sie erhalten ein neu generiertes Passwort, das Sie sp\u00e4ter im Partnerportal \u00e4ndern k\u00f6nnen.<\/p>","protected":false},"author":2,"featured_media":0,"parent":0,"menu_order":0,"comment_status":"closed","ping_status":"closed","template":"","meta":{"_et_pb_use_builder":"","_et_pb_old_content":"","_et_gb_content_width":"","footnotes":""},"class_list":["post-5240","page","type-page","status-publish","hentry"],"_links":{"self":[{"href":"https:\/\/adventure-hunt.com\/de\/wp-json\/wp\/v2\/pages\/5240","targetHints":{"allow":["GET"]}}],"collection":[{"href":"https:\/\/adventure-hunt.com\/de\/wp-json\/wp\/v2\/pages"}],"about":[{"href":"https:\/\/adventure-hunt.com\/de\/wp-json\/wp\/v2\/types\/page"}],"author":[{"embeddable":true,"href":"https:\/\/adventure-hunt.com\/de\/wp-json\/wp\/v2\/users\/2"}],"replies":[{"embeddable":true,"href":"https:\/\/adventure-hunt.com\/de\/wp-json\/wp\/v2\/comments?post=5240"}],"version-history":[{"count":2,"href":"https:\/\/adventure-hunt.com\/de\/wp-json\/wp\/v2\/pages\/5240\/revisions"}],"predecessor-version":[{"id":6627,"href":"https:\/\/adventure-hunt.com\/de\/wp-json\/wp\/v2\/pages\/5240\/revisions\/6627"}],"wp:attachment":[{"href":"https:\/\/adventure-hunt.com\/de\/wp-json\/wp\/v2\/media?parent=5240"}],"curies":[{"name":"wp","href":"https:\/\/api.w.org\/{rel}","templated":true}]}}