{"id":109,"date":"2022-01-23T15:52:13","date_gmt":"2022-01-23T15:52:13","guid":{"rendered":"https:\/\/adventure-hunt.com\/product\/v-neck-t-shirt\/"},"modified":"2026-03-24T14:00:52","modified_gmt":"2026-03-24T14:00:52","slug":"costa-adeje","status":"publish","type":"product","link":"https:\/\/adventure-hunt.com\/de\/product\/costa-adeje\/","title":{"rendered":"Costa Adeje, Teneriffa"},"content":{"rendered":"<p>[et_pb_section fb_built=&#8221;1&#8243; _builder_version=&#8221;4.16&#8243; custom_padding=&#8221;0px||||false|false&#8221; global_colors_info=&#8221;{}&#8221;][et_pb_row _builder_version=&#8221;4.16&#8243; background_size=&#8221;initial&#8221; background_position=&#8221;top_left&#8221; background_repeat=&#8221;repeat&#8221; width=&#8221;100%&#8221; custom_padding=&#8221;0px||0px||false|false&#8221; global_colors_info=&#8221;{}&#8221;][et_pb_column type=&#8221;4_4&#8243; _builder_version=&#8221;4.16&#8243; custom_padding=&#8221;|||&#8221; global_colors_info=&#8221;{}&#8221; custom_padding__hover=&#8221;|||&#8221;][et_pb_wc_cart_notice _builder_version=&#8221;4.16&#8243; global_colors_info=&#8221;{}&#8221;][\/et_pb_wc_cart_notice][\/et_pb_column][\/et_pb_row][et_pb_row column_structure=&#8221;1_2,1_2&#8243; _builder_version=&#8221;4.16&#8243; background_size=&#8221;initial&#8221; background_position=&#8221;top_left&#8221; background_repeat=&#8221;repeat&#8221; width=&#8221;100%&#8221; custom_padding=&#8221;0px||||false|false&#8221; collapsed=&#8221;off&#8221; global_colors_info=&#8221;{}&#8221;][et_pb_column type=&#8221;1_2&#8243; _builder_version=&#8221;4.16&#8243; custom_padding=&#8221;|||&#8221; global_colors_info=&#8221;{}&#8221; custom_padding__hover=&#8221;|||&#8221;][et_pb_wc_title _builder_version=&#8221;4.16&#8243; global_colors_info=&#8221;{}&#8221;][\/et_pb_wc_title][et_pb_wc_description _builder_version=&#8221;4.16&#8243; global_colors_info=&#8221;{}&#8221;][\/et_pb_wc_description][et_pb_wc_price _builder_version=&#8221;4.16&#8243; global_colors_info=&#8221;{}&#8221;][\/et_pb_wc_price][et_pb_wc_add_to_cart _builder_version=&#8221;4.16&#8243; global_colors_info=&#8221;{}&#8221;][\/et_pb_wc_add_to_cart][et_pb_text module_id=&#8221;buy-now&#8221; _builder_version=&#8221;4.27.4&#8243; _module_preset=&#8221;default&#8221; global_module=&#8221;2307&#8243; global_colors_info=&#8221;{}&#8221;]<\/p>\n<ul>\n<li>The price is PER GROUP<\/li>\n<li>You do not need to select a date or time.<\/li>\n<li>Our app opens using the same language as your phone if it is available. You can change to one of the other supported languages when you login if preferred.<\/li>\n<li>You can do your Adventure Hunt at any time as the Adventure Hunt App guides you from clue to clue, though some clues will be tricky without daylight.<\/li>\n<li>Your booking confirmation email includes all of the information needed to start your Adventure Hunt!<\/li>\n<li>We suggest you install the app and login to it before you leave home. You can then read through the first few screens and make sure everything is working for you.<\/li>\n<li>The app will direct you to the start of your Adventure Hunt.<\/li>\n<\/ul>\n<p>[\/et_pb_text][\/et_pb_column][et_pb_column type=&#8221;1_2&#8243; _builder_version=&#8221;4.16&#8243; custom_padding=&#8221;|||&#8221; global_colors_info=&#8221;{}&#8221; custom_padding__hover=&#8221;|||&#8221;][et_pb_wc_images _builder_version=&#8221;4.16&#8243; global_colors_info=&#8221;{}&#8221;][\/et_pb_wc_images][et_pb_toggle _builder_version=&#8221;4.27.4&#8243; _module_preset=&#8221;default&#8221; title=&#8221;More Information&#8221; _dynamic_attributes=&#8221;content&#8221; hover_enabled=&#8221;0&#8243; sticky_enabled=&#8221;0&#8243;]@ET-DC@eyJkeW5hbWljIjp0cnVlLCJjb250ZW50IjoicHJvZHVjdF9kZXNjcmlwdGlvbiIsInNldHRpbmdzIjp7ImJlZm9yZSI6IiIsImFmdGVyIjoiIn19@[\/et_pb_toggle][\/et_pb_column][\/et_pb_row][et_pb_row _builder_version=&#8221;4.16&#8243; background_size=&#8221;initial&#8221; background_position=&#8221;top_left&#8221; background_repeat=&#8221;repeat&#8221; width=&#8221;100%&#8221; global_colors_info=&#8221;{}&#8221;][et_pb_column type=&#8221;4_4&#8243; _builder_version=&#8221;4.16&#8243; custom_padding=&#8221;|||&#8221; global_colors_info=&#8221;{}&#8221; custom_padding__hover=&#8221;|||&#8221;][et_pb_wc_related_products posts_number=&#8221;9&#8243; include_categories=&#8221;17&#8243; _builder_version=&#8221;4.27.4&#8243; title_font_size=&#8221;14px&#8221; product_title_font_size=&#8221;14px&#8221; global_colors_info=&#8221;{}&#8221;][\/et_pb_wc_related_products][\/et_pb_column][\/et_pb_row][\/et_pb_section]<\/p>\n","protected":false},"excerpt":{"rendered":"<p>Die Costa Adeje Adventure Hunt f\u00fchrt zu den Wanderwegen und Gebieten rund um die Strandpromenade von Playa El Bobo bis Playa Fanabe. W\u00e4hlen Sie zwischen den Standard- und Familienrouten.<\/p>\n<p>Diese Abenteuerjagd ist in Englisch, Spanisch, Franz\u00f6sisch, Italienisch, Deutsch und Niederl\u00e4ndisch verf\u00fcgbar.<\/p>","protected":false},"featured_media":325,"template":"","meta":{"_et_pb_use_builder":"on","_et_pb_old_content":"The Costa Adeje Adventure Hunt, takes in the board walks and areas around the waterfront from Playa El Bobo to Playa Fanabe.\u00a0 The amazing views in this area make a great backdrop to our Las Americas Adventure Hunt.\u00a0 Challenge yourself and have a great time with friends and family.\r\n\r\nYou can choose between the standard and family routes which have 21 clues spread over 2.6km.\u00a0 You should allow 1-2 hours to complete your Adventure Hunt.\r\n\r\nThe family route is suitable for children aged 8-12 when accompanied by one or more adults.\u00a0 The clues are a little less cryptic in the family Adventure Hunt and the hints are a little more helpful.\u00a0 Please let us know what you think of this route, with feedback on the ages of your children and how they enjoyed it.","_et_gb_content_width":""},"product_brand":[],"product_cat":[17,51],"product_tag":[],"class_list":{"0":"post-109","1":"product","2":"type-product","3":"status-publish","4":"has-post-thumbnail","6":"product_cat-tenerife","7":"product_cat-costa-adeje-tenerife","9":"first","10":"instock","11":"sold-individually","12":"shipping-taxable","13":"purchasable","14":"product-type-variable","15":"has-default-attributes"},"_links":{"self":[{"href":"https:\/\/adventure-hunt.com\/de\/wp-json\/wp\/v2\/product\/109","targetHints":{"allow":["GET"]}}],"collection":[{"href":"https:\/\/adventure-hunt.com\/de\/wp-json\/wp\/v2\/product"}],"about":[{"href":"https:\/\/adventure-hunt.com\/de\/wp-json\/wp\/v2\/types\/product"}],"wp:featuredmedia":[{"embeddable":true,"href":"https:\/\/adventure-hunt.com\/de\/wp-json\/wp\/v2\/media\/325"}],"wp:attachment":[{"href":"https:\/\/adventure-hunt.com\/de\/wp-json\/wp\/v2\/media?parent=109"}],"wp:term":[{"taxonomy":"product_brand","embeddable":true,"href":"https:\/\/adventure-hunt.com\/de\/wp-json\/wp\/v2\/product_brand?post=109"},{"taxonomy":"product_cat","embeddable":true,"href":"https:\/\/adventure-hunt.com\/de\/wp-json\/wp\/v2\/product_cat?post=109"},{"taxonomy":"product_tag","embeddable":true,"href":"https:\/\/adventure-hunt.com\/de\/wp-json\/wp\/v2\/product_tag?post=109"}],"curies":[{"name":"wp","href":"https:\/\/api.w.org\/{rel}","templated":true}]}}