{"id":4136,"date":"2025-03-08T09:51:06","date_gmt":"2025-03-08T09:51:06","guid":{"rendered":"https:\/\/adventure-hunt.com\/?post_type=product&#038;p=4136"},"modified":"2026-03-24T13:56:49","modified_gmt":"2026-03-24T13:56:49","slug":"puerto-de-la-cruz-strassenkunst-teneriffa","status":"publish","type":"product","link":"https:\/\/adventure-hunt.com\/de\/product\/puerto-de-la-cruz-sreet-art-tenerife\/","title":{"rendered":"Puerto de la Cruz Stra\u00dfenkunst, Teneriffa"},"content":{"rendered":"<p>[et_pb_section fb_built=&#8221;1&#8243; _builder_version=&#8221;4.16&#8243; custom_padding=&#8221;0px||||false|false&#8221; global_colors_info=&#8221;{}&#8221;][et_pb_row _builder_version=&#8221;4.16&#8243; background_size=&#8221;initial&#8221; background_position=&#8221;top_left&#8221; background_repeat=&#8221;repeat&#8221; width=&#8221;100%&#8221; custom_padding=&#8221;0px||0px||false|false&#8221; global_colors_info=&#8221;{}&#8221;][et_pb_column type=&#8221;4_4&#8243; _builder_version=&#8221;4.16&#8243; custom_padding=&#8221;|||&#8221; global_colors_info=&#8221;{}&#8221; custom_padding__hover=&#8221;|||&#8221;][et_pb_wc_cart_notice _builder_version=&#8221;4.16&#8243; global_colors_info=&#8221;{}&#8221;][\/et_pb_wc_cart_notice][\/et_pb_column][\/et_pb_row][et_pb_row column_structure=&#8221;1_2,1_2&#8243; _builder_version=&#8221;4.16&#8243; background_size=&#8221;initial&#8221; background_position=&#8221;top_left&#8221; background_repeat=&#8221;repeat&#8221; width=&#8221;100%&#8221; custom_padding=&#8221;0px||||false|false&#8221; global_colors_info=&#8221;{}&#8221;][et_pb_column type=&#8221;1_2&#8243; _builder_version=&#8221;4.16&#8243; custom_padding=&#8221;|||&#8221; global_colors_info=&#8221;{}&#8221; custom_padding__hover=&#8221;|||&#8221;][et_pb_wc_title _builder_version=&#8221;4.16&#8243; global_colors_info=&#8221;{}&#8221;][\/et_pb_wc_title][et_pb_wc_description _builder_version=&#8221;4.16&#8243; global_colors_info=&#8221;{}&#8221;][\/et_pb_wc_description][et_pb_wc_price _builder_version=&#8221;4.16&#8243; global_colors_info=&#8221;{}&#8221;][\/et_pb_wc_price][et_pb_wc_add_to_cart _builder_version=&#8221;4.16&#8243; global_colors_info=&#8221;{}&#8221;][\/et_pb_wc_add_to_cart][et_pb_text module_id=&#8221;buy-now&#8221; _builder_version=&#8221;4.27.4&#8243; _module_preset=&#8221;default&#8221; global_module=&#8221;2307&#8243; global_colors_info=&#8221;{}&#8221;]<\/p>\n<ul>\n<li>The price is PER GROUP<\/li>\n<li>You do not need to select a date or time.<\/li>\n<li>Our app opens using the same language as your phone if it is available. You can change to one of the other supported languages when you login if preferred.<\/li>\n<li>You can do your Adventure Hunt at any time as the Adventure Hunt App guides you from clue to clue, though some clues will be tricky without daylight.<\/li>\n<li>Your booking confirmation email includes all of the information needed to start your Adventure Hunt!<\/li>\n<li>We suggest you install the app and login to it before you leave home. You can then read through the first few screens and make sure everything is working for you.<\/li>\n<li>The app will direct you to the start of your Adventure Hunt.<\/li>\n<\/ul>\n<p>[\/et_pb_text][\/et_pb_column][et_pb_column type=&#8221;1_2&#8243; _builder_version=&#8221;4.16&#8243; custom_padding=&#8221;|||&#8221; global_colors_info=&#8221;{}&#8221; custom_padding__hover=&#8221;|||&#8221;][et_pb_wc_images _builder_version=&#8221;4.16&#8243; global_colors_info=&#8221;{}&#8221;][\/et_pb_wc_images][et_pb_toggle title=&#8221;More information&#8221; _builder_version=&#8221;4.27.4&#8243; _dynamic_attributes=&#8221;content&#8221; _module_preset=&#8221;default&#8221; global_colors_info=&#8221;{}&#8221;]@ET-DC@eyJkeW5hbWljIjp0cnVlLCJjb250ZW50IjoicHJvZHVjdF9kZXNjcmlwdGlvbiIsInNldHRpbmdzIjp7ImJlZm9yZSI6IiIsImFmdGVyIjoiIn19@[\/et_pb_toggle][\/et_pb_column][\/et_pb_row][et_pb_row _builder_version=&#8221;4.16&#8243; background_size=&#8221;initial&#8221; background_position=&#8221;top_left&#8221; background_repeat=&#8221;repeat&#8221; width=&#8221;100%&#8221; global_colors_info=&#8221;{}&#8221;][et_pb_column type=&#8221;4_4&#8243; _builder_version=&#8221;4.16&#8243; custom_padding=&#8221;|||&#8221; global_colors_info=&#8221;{}&#8221; custom_padding__hover=&#8221;|||&#8221;][et_pb_wc_related_products posts_number=&#8221;9&#8243; include_categories=&#8221;17&#8243; _builder_version=&#8221;4.27.4&#8243; title_font_size=&#8221;14px&#8221; product_title_font_size=&#8221;14px&#8221; global_colors_info=&#8221;{}&#8221;][\/et_pb_wc_related_products][\/et_pb_column][\/et_pb_row][\/et_pb_section]<\/p>\n","protected":false},"excerpt":{"rendered":"<p>Die Route der Puerto de la Cruz Street Art Adventure Hunt besteht aus \u00fcber 20 Hinweisen, die sich \u00fcber 1,5 km in der Altstadt von Puerto de La Cruz verteilen.<\/p>\n<p>Diese Jagd ist in Englisch, Spanisch, Italienisch, Deutsch, Franz\u00f6sisch, Portugiesisch und Niederl\u00e4ndisch verf\u00fcgbar.<\/p>","protected":false},"featured_media":5922,"template":"","meta":{"_et_pb_use_builder":"on","_et_pb_old_content":"The Puerto de la Cruz Street Art Adventure Hunt route consists of 20+ clues spread over 1.5km. It guides you around the street art that is in the old town of Puerto de la Cruz. Add a challenge to simply looking at the art by solving puzzles as you explore. Some puzzles are easy, some are tricky! Challenge yourself and have a great time with friends and family.\r\n\r\nEven if you are familiar with Puerto de la Cruz and its street art, this Adventure Hunt will make you study the art works and see details you have never noticed before. And if you are not familiar with the art, its a fun way to be introduced to it. You will see all of the main artworks and many of the smaller ones as well. It is a relaxed walk with plenty of shade, so you can enjoy it even at the height of summer.\r\n\r\nTo solve the puzzles you will need to read the puzzles carefully and have an eye for detail.\r\n\r\nThe great thing about this adventure is that while trying to solve the puzzles you will see details in the murals that you would never notice otherwise. The artists all put a lot of time into these amazing murals, lets spend some quality time appreciating them and spotting some of their finer details.\r\n\r\n&nbsp;","_et_gb_content_width":""},"product_brand":[],"product_cat":[17,272],"product_tag":[],"class_list":{"0":"post-4136","1":"product","2":"type-product","3":"status-publish","4":"has-post-thumbnail","6":"product_cat-tenerife","7":"product_cat-puerto","9":"first","10":"instock","11":"downloadable","12":"virtual","13":"sold-individually","14":"purchasable","15":"product-type-simple"},"_links":{"self":[{"href":"https:\/\/adventure-hunt.com\/de\/wp-json\/wp\/v2\/product\/4136","targetHints":{"allow":["GET"]}}],"collection":[{"href":"https:\/\/adventure-hunt.com\/de\/wp-json\/wp\/v2\/product"}],"about":[{"href":"https:\/\/adventure-hunt.com\/de\/wp-json\/wp\/v2\/types\/product"}],"wp:featuredmedia":[{"embeddable":true,"href":"https:\/\/adventure-hunt.com\/de\/wp-json\/wp\/v2\/media\/5922"}],"wp:attachment":[{"href":"https:\/\/adventure-hunt.com\/de\/wp-json\/wp\/v2\/media?parent=4136"}],"wp:term":[{"taxonomy":"product_brand","embeddable":true,"href":"https:\/\/adventure-hunt.com\/de\/wp-json\/wp\/v2\/product_brand?post=4136"},{"taxonomy":"product_cat","embeddable":true,"href":"https:\/\/adventure-hunt.com\/de\/wp-json\/wp\/v2\/product_cat?post=4136"},{"taxonomy":"product_tag","embeddable":true,"href":"https:\/\/adventure-hunt.com\/de\/wp-json\/wp\/v2\/product_tag?post=4136"}],"curies":[{"name":"wp","href":"https:\/\/api.w.org\/{rel}","templated":true}]}}