{"id":6469,"date":"2026-03-28T16:06:43","date_gmt":"2026-03-28T16:06:43","guid":{"rendered":"https:\/\/adventure-hunt.com\/?post_type=product&#038;p=6469"},"modified":"2026-04-05T10:52:15","modified_gmt":"2026-04-05T10:52:15","slug":"senda-del-oso-villanueva","status":"publish","type":"product","link":"https:\/\/adventure-hunt.com\/de\/product\/senda-del-oso-villanueva\/","title":{"rendered":"Senda del Oso - Villanueva"},"content":{"rendered":"<p>[et_pb_section fb_built=&#8221;1&#8243; _builder_version=&#8221;4.16&#8243; custom_padding=&#8221;0px||||false|false&#8221; global_colors_info=&#8221;{}&#8221;][et_pb_row _builder_version=&#8221;4.16&#8243; background_size=&#8221;initial&#8221; background_position=&#8221;top_left&#8221; background_repeat=&#8221;repeat&#8221; width=&#8221;100%&#8221; custom_padding=&#8221;0px||0px||false|false&#8221; global_colors_info=&#8221;{}&#8221;][et_pb_column type=&#8221;4_4&#8243; _builder_version=&#8221;4.16&#8243; custom_padding=&#8221;|||&#8221; global_colors_info=&#8221;{}&#8221; custom_padding__hover=&#8221;|||&#8221;][et_pb_wc_breadcrumb _builder_version=&#8221;4.16&#8243; global_colors_info=&#8221;{}&#8221;][\/et_pb_wc_breadcrumb][\/et_pb_column][\/et_pb_row][et_pb_row column_structure=&#8221;1_2,1_2&#8243; _builder_version=&#8221;4.16&#8243; background_size=&#8221;initial&#8221; background_position=&#8221;top_left&#8221; background_repeat=&#8221;repeat&#8221; width=&#8221;100%&#8221; custom_padding=&#8221;0px||||false|false&#8221; global_colors_info=&#8221;{}&#8221;][et_pb_column type=&#8221;1_2&#8243; _builder_version=&#8221;4.16&#8243; custom_padding=&#8221;|||&#8221; global_colors_info=&#8221;{}&#8221; custom_padding__hover=&#8221;|||&#8221;][et_pb_wc_title _builder_version=&#8221;4.16&#8243; global_colors_info=&#8221;{}&#8221;][\/et_pb_wc_title][et_pb_wc_description _builder_version=&#8221;4.27.4&#8243; global_colors_info=&#8221;{}&#8221;][\/et_pb_wc_description][et_pb_wc_price _builder_version=&#8221;4.16&#8243; global_colors_info=&#8221;{}&#8221;][\/et_pb_wc_price][et_pb_wc_add_to_cart _builder_version=&#8221;4.16&#8243; global_colors_info=&#8221;{}&#8221;][\/et_pb_wc_add_to_cart][et_pb_text module_id=&#8221;buy-now&#8221; _builder_version=&#8221;4.27.4&#8243; _module_preset=&#8221;default&#8221; global_module=&#8221;2307&#8243; global_colors_info=&#8221;{}&#8221;]<\/p>\n<ul>\n<li>The price is PER GROUP<\/li>\n<li>You do not need to select a date or time.<\/li>\n<li>Our app opens using the same language as your phone if it is available. You can change to one of the other supported languages when you login if preferred.<\/li>\n<li>You can do your Adventure Hunt at any time as the Adventure Hunt App guides you from clue to clue, though some clues will be tricky without daylight.<\/li>\n<li>Your booking confirmation email includes all of the information needed to start your Adventure Hunt!<\/li>\n<li>We suggest you install the app and login to it before you leave home. You can then read through the first few screens and make sure everything is working for you.<\/li>\n<li>The app will direct you to the start of your Adventure Hunt.<\/li>\n<\/ul>\n<p>[\/et_pb_text][\/et_pb_column][et_pb_column type=&#8221;1_2&#8243; _builder_version=&#8221;4.16&#8243; custom_padding=&#8221;|||&#8221; global_colors_info=&#8221;{}&#8221; custom_padding__hover=&#8221;|||&#8221;][et_pb_wc_images _builder_version=&#8221;4.16&#8243; global_colors_info=&#8221;{}&#8221;][\/et_pb_wc_images][et_pb_toggle title=&#8221;More Information&#8221; _builder_version=&#8221;4.27.4&#8243; _dynamic_attributes=&#8221;content&#8221; _module_preset=&#8221;default&#8221; global_colors_info=&#8221;{}&#8221;]@ET-DC@eyJkeW5hbWljIjp0cnVlLCJjb250ZW50IjoicHJvZHVjdF9kZXNjcmlwdGlvbiIsInNldHRpbmdzIjp7ImJlZm9yZSI6IiIsImFmdGVyIjoiIn19@[\/et_pb_toggle][\/et_pb_column][\/et_pb_row][et_pb_row _builder_version=&#8221;4.16&#8243; background_size=&#8221;initial&#8221; background_position=&#8221;top_left&#8221; background_repeat=&#8221;repeat&#8221; width=&#8221;100%&#8221; global_colors_info=&#8221;{}&#8221;][et_pb_column type=&#8221;4_4&#8243; _builder_version=&#8221;4.16&#8243; custom_padding=&#8221;|||&#8221; global_colors_info=&#8221;{}&#8221; custom_padding__hover=&#8221;|||&#8221;][et_pb_wc_related_products posts_number=&#8221;6&#8243; include_categories=&#8221;303&#8243; _builder_version=&#8221;4.27.4&#8243; global_colors_info=&#8221;{}&#8221;][\/et_pb_wc_related_products][\/et_pb_column][\/et_pb_row][\/et_pb_section]<\/p>\n","protected":false},"excerpt":{"rendered":"<p><span style=\"font-weight: 400;\">Die Route der Villanueva-Abenteuerjagd besteht aus 20 Hinweisen, die sich \u00fcber ca. 2 km erstrecken und Sie zu den Highlights des Dorfes, zur traditionellen Architektur und zu versteckten Details entlang der Senda del Oso f\u00fchren.<\/span><\/p>\n<p><span style=\"font-weight: 400;\">Diese Jagd ist in Englisch, Spanisch, Italienisch, Deutsch, Franz\u00f6sisch, Portugiesisch und Niederl\u00e4ndisch verf\u00fcgbar.<\/span><\/p>\n<p><a href=\"https:\/\/maps.app.goo.gl\/ghV5hRQwrikkxhmR8%C2%A0\" target=\"_blank\" rel=\"noopener\">Klicken Sie hier, um den Startort in Maps zu \u00f6ffnen.<\/a><\/p>","protected":false},"featured_media":6474,"template":"","meta":{"_et_pb_use_builder":"on","_et_pb_old_content":"<h3>Villanueva Outdoor Escape Room \u2013 Architecture and Observation<\/h3>\r\n<h4>A more detailed scavenger hunt experience<\/h4>\r\nThe Villanueva Adventure Hunt is an outdoor escape room and scavenger hunt along the Senda del Oso.\u00a0This route focuses on traditional Asturian architecture. You explore h\u00f3rreos, paneras, and village churches.\u00a0The puzzles require more observation and attention to detail. The difficulty is slightly higher, while still remaining accessible.\r\n<h4>Key facts:<\/h4>\r\n<ul>\r\n \t<li>Duration: 1 to 2 hours<\/li>\r\n \t<li>Distance: approximately 1 to 2 km<\/li>\r\n \t<li>Difficulty: easy to moderate<\/li>\r\n \t<li>Suitable for all ages<\/li>\r\n<\/ul>\r\n<h4>Location - how to get here:<\/h4>\r\nThe start point for the Senda del Oso - Villanueva Adventure Hunt is at the centre of the town Villanueva.\r\nBo. el Puente\r\n33115 Villanueva\r\nAsturias\r\n\r\n<a href=\"https:\/\/maps.app.goo.gl\/ghV5hRQwrikkxhmR8\" target=\"_blank\" rel=\"noopener\">Click here to open in Google Maps<\/a>","_et_gb_content_width":""},"product_brand":[],"product_cat":[303,305],"product_tag":[],"class_list":{"0":"post-6469","1":"product","2":"type-product","3":"status-publish","4":"has-post-thumbnail","6":"product_cat-asturias","7":"product_cat-senda-del-oso","9":"first","10":"instock","11":"downloadable","12":"virtual","13":"sold-individually","14":"purchasable","15":"product-type-simple"},"_links":{"self":[{"href":"https:\/\/adventure-hunt.com\/de\/wp-json\/wp\/v2\/product\/6469","targetHints":{"allow":["GET"]}}],"collection":[{"href":"https:\/\/adventure-hunt.com\/de\/wp-json\/wp\/v2\/product"}],"about":[{"href":"https:\/\/adventure-hunt.com\/de\/wp-json\/wp\/v2\/types\/product"}],"wp:featuredmedia":[{"embeddable":true,"href":"https:\/\/adventure-hunt.com\/de\/wp-json\/wp\/v2\/media\/6474"}],"wp:attachment":[{"href":"https:\/\/adventure-hunt.com\/de\/wp-json\/wp\/v2\/media?parent=6469"}],"wp:term":[{"taxonomy":"product_brand","embeddable":true,"href":"https:\/\/adventure-hunt.com\/de\/wp-json\/wp\/v2\/product_brand?post=6469"},{"taxonomy":"product_cat","embeddable":true,"href":"https:\/\/adventure-hunt.com\/de\/wp-json\/wp\/v2\/product_cat?post=6469"},{"taxonomy":"product_tag","embeddable":true,"href":"https:\/\/adventure-hunt.com\/de\/wp-json\/wp\/v2\/product_tag?post=6469"}],"curies":[{"name":"wp","href":"https:\/\/api.w.org\/{rel}","templated":true}]}}