{"id":6594,"date":"2026-03-29T16:48:03","date_gmt":"2026-03-29T16:48:03","guid":{"rendered":"https:\/\/adventure-hunt.com\/?post_type=product&#038;p=6594"},"modified":"2026-04-05T10:51:38","modified_gmt":"2026-04-05T10:51:38","slug":"portimao-wanderung-portugal","status":"publish","type":"product","link":"https:\/\/adventure-hunt.com\/de\/product\/portimao-walking-tour-portugal\/","title":{"rendered":"Portimao Wandertour, Portugal"},"content":{"rendered":"<p>[et_pb_section fb_built=&#8221;1&#8243; _builder_version=&#8221;4.16&#8243; custom_padding=&#8221;0px||||false|false&#8221; global_colors_info=&#8221;{}&#8221;][et_pb_row _builder_version=&#8221;4.16&#8243; background_size=&#8221;initial&#8221; background_position=&#8221;top_left&#8221; background_repeat=&#8221;repeat&#8221; width=&#8221;100%&#8221; custom_padding=&#8221;0px||0px||false|false&#8221; global_colors_info=&#8221;{}&#8221;][et_pb_column type=&#8221;4_4&#8243; _builder_version=&#8221;4.16&#8243; custom_padding=&#8221;|||&#8221; global_colors_info=&#8221;{}&#8221; custom_padding__hover=&#8221;|||&#8221;][et_pb_wc_cart_notice _builder_version=&#8221;4.16&#8243; global_colors_info=&#8221;{}&#8221;][\/et_pb_wc_cart_notice][\/et_pb_column][\/et_pb_row][et_pb_row column_structure=&#8221;1_2,1_2&#8243; _builder_version=&#8221;4.16&#8243; background_size=&#8221;initial&#8221; background_position=&#8221;top_left&#8221; background_repeat=&#8221;repeat&#8221; width=&#8221;100%&#8221; custom_padding=&#8221;0px||||false|false&#8221; global_colors_info=&#8221;{}&#8221;][et_pb_column type=&#8221;1_2&#8243; _builder_version=&#8221;4.16&#8243; custom_padding=&#8221;|||&#8221; global_colors_info=&#8221;{}&#8221; custom_padding__hover=&#8221;|||&#8221;][et_pb_wc_title _builder_version=&#8221;4.16&#8243; global_colors_info=&#8221;{}&#8221;][\/et_pb_wc_title][et_pb_wc_description _builder_version=&#8221;4.16&#8243; global_colors_info=&#8221;{}&#8221;][\/et_pb_wc_description][et_pb_wc_price _builder_version=&#8221;4.16&#8243; global_colors_info=&#8221;{}&#8221;][\/et_pb_wc_price][et_pb_wc_add_to_cart _builder_version=&#8221;4.16&#8243; global_colors_info=&#8221;{}&#8221;][\/et_pb_wc_add_to_cart][et_pb_text module_id=&#8221;buy-now&#8221; _builder_version=&#8221;4.27.4&#8243; _module_preset=&#8221;default&#8221; global_module=&#8221;2307&#8243; global_colors_info=&#8221;{}&#8221;]<\/p>\n<ul>\n<li>The price is PER GROUP<\/li>\n<li>You do not need to select a date or time.<\/li>\n<li>Our app opens using the same language as your phone if it is available. You can change to one of the other supported languages when you login if preferred.<\/li>\n<li>You can do your Adventure Hunt at any time as the Adventure Hunt App guides you from clue to clue, though some clues will be tricky without daylight.<\/li>\n<li>Your booking confirmation email includes all of the information needed to start your Adventure Hunt!<\/li>\n<li>We suggest you install the app and login to it before you leave home. You can then read through the first few screens and make sure everything is working for you.<\/li>\n<li>The app will direct you to the start of your Adventure Hunt.<\/li>\n<\/ul>\n<p>[\/et_pb_text][\/et_pb_column][et_pb_column type=&#8221;1_2&#8243; _builder_version=&#8221;4.16&#8243; custom_padding=&#8221;|||&#8221; global_colors_info=&#8221;{}&#8221; custom_padding__hover=&#8221;|||&#8221;][et_pb_wc_images _builder_version=&#8221;4.16&#8243; global_colors_info=&#8221;{}&#8221;][\/et_pb_wc_images][et_pb_toggle title=&#8221;More Information&#8221; _builder_version=&#8221;4.27.4&#8243; _dynamic_attributes=&#8221;content&#8221; _module_preset=&#8221;default&#8221; global_colors_info=&#8221;{}&#8221;]@ET-DC@eyJkeW5hbWljIjp0cnVlLCJjb250ZW50IjoicHJvZHVjdF9kZXNjcmlwdGlvbiIsInNldHRpbmdzIjp7ImJlZm9yZSI6IiIsImFmdGVyIjoiIn19@[\/et_pb_toggle][\/et_pb_column][\/et_pb_row][et_pb_row _builder_version=&#8221;4.16&#8243; background_size=&#8221;initial&#8221; background_position=&#8221;top_left&#8221; background_repeat=&#8221;repeat&#8221; width=&#8221;100%&#8221; global_colors_info=&#8221;{}&#8221;][et_pb_column type=&#8221;4_4&#8243; _builder_version=&#8221;4.16&#8243; custom_padding=&#8221;|||&#8221; global_colors_info=&#8221;{}&#8221; custom_padding__hover=&#8221;|||&#8221;][et_pb_wc_related_products posts_number=&#8221;6&#8243; include_categories=&#8221;34&#8243; _builder_version=&#8221;4.27.0&#8243; title_font_size=&#8221;14px&#8221; product_title_font_size=&#8221;14px&#8221; global_colors_info=&#8221;{}&#8221;][\/et_pb_wc_related_products][\/et_pb_column][\/et_pb_row][\/et_pb_section]<\/p>\n","protected":false},"excerpt":{"rendered":"<p>Die Portimao Storytelling Walking Tour findet in der K\u00fcstenstadt Portimao statt.<\/p>\n<p>Dieser Rundgang ist auf Englisch, Portugiesisch, Spanisch, Deutsch, Franz\u00f6sisch und Niederl\u00e4ndisch verf\u00fcgbar.<\/p>\n<p><a href=\"https:\/\/maps.google.com\/?q=37.1278592,-8.5957295\" target=\"_blank\" rel=\"noopener\">Klicken Sie hier, um den Startort in Maps zu \u00f6ffnen.<\/a><\/p>","protected":false},"featured_media":6599,"template":"","meta":{"_et_pb_use_builder":"on","_et_pb_old_content":"<h2>Portimao Storytelling Walking Tour<\/h2>\r\nOur Portimao walking tour is designed for people who want to experience Portimao as it was, and as it is now. Using the city\u2019s street art, architecture, and historical monuments to tell the story of Portim\u00e3o, you\u2019ll learn about the people who shaped the city from its origins, and those who make it the cool and vibrant city that it is today. Along the way, you\u2019ll \u2018meet\u2019 sculptors and street artists, a poet and a politician, a missionary and a pirate. But it\u2019s not just about the famous. You\u2019ll also learn about the lives of \u2018ordinary\u2019 residents and discover some of the best places to eat, drink and shop \u2018local\u2019 in town.\r\n\r\nThe trail guides you around both the city\u2019s highlights and it\u2019s lesser known, but equally charming backstreets. We\u2019ll also give you suggestions for more places to visit and things to do in and around the city \u2013 so you can spend the whole day or even the weekend here.\r\n\r\nStarting and ending on the waterfront promenade, the trail is 3km and takes around 1.5 hours to complete (not including stops for refreshments, shopping etc.). Parking is available nearby, as are local bus stops, and the train station is a 25-minute walk away.\r\n<h3>Highlights<\/h3>\r\n<ul>\r\n \t<li>Portim\u00e3o Museum and the old sardine canneries<\/li>\r\n \t<li>Contemporary sculptures along the Ribeirinha promenade<\/li>\r\n \t<li>Jardim 1 Decembro: the garden of \u2018ceramic books\u2019<\/li>\r\n \t<li>Cool street art murals<\/li>\r\n \t<li>The former Pal\u00e1cio do Sapal and the invisible fountains<\/li>\r\n \t<li>The old fishing district<\/li>\r\n \t<li>Traditional tavernas and seafood restaurants<\/li>\r\n \t<li>Antiga Lota: the old fish auction house<\/li>\r\n \t<li>Portim\u00e3o\u2019s pastelarias and famous pastries<\/li>\r\n \t<li>Igreja do Col\u00e9gio: the 17th Century Baroque Jesuit College<\/li>\r\n<\/ul>","_et_gb_content_width":""},"product_brand":[],"product_cat":[34,270],"product_tag":[],"class_list":{"0":"post-6594","1":"product","2":"type-product","3":"status-publish","4":"has-post-thumbnail","6":"product_cat-algarve","7":"product_cat-portimao","9":"first","10":"instock","11":"downloadable","12":"virtual","13":"sold-individually","14":"purchasable","15":"product-type-simple"},"_links":{"self":[{"href":"https:\/\/adventure-hunt.com\/de\/wp-json\/wp\/v2\/product\/6594","targetHints":{"allow":["GET"]}}],"collection":[{"href":"https:\/\/adventure-hunt.com\/de\/wp-json\/wp\/v2\/product"}],"about":[{"href":"https:\/\/adventure-hunt.com\/de\/wp-json\/wp\/v2\/types\/product"}],"wp:featuredmedia":[{"embeddable":true,"href":"https:\/\/adventure-hunt.com\/de\/wp-json\/wp\/v2\/media\/6599"}],"wp:attachment":[{"href":"https:\/\/adventure-hunt.com\/de\/wp-json\/wp\/v2\/media?parent=6594"}],"wp:term":[{"taxonomy":"product_brand","embeddable":true,"href":"https:\/\/adventure-hunt.com\/de\/wp-json\/wp\/v2\/product_brand?post=6594"},{"taxonomy":"product_cat","embeddable":true,"href":"https:\/\/adventure-hunt.com\/de\/wp-json\/wp\/v2\/product_cat?post=6594"},{"taxonomy":"product_tag","embeddable":true,"href":"https:\/\/adventure-hunt.com\/de\/wp-json\/wp\/v2\/product_tag?post=6594"}],"curies":[{"name":"wp","href":"https:\/\/api.w.org\/{rel}","templated":true}]}}