{"id":5865,"date":"2025-11-16T13:52:49","date_gmt":"2025-11-16T13:52:49","guid":{"rendered":"https:\/\/adventure-hunt.com\/?post_type=product&#038;p=5865"},"modified":"2026-04-05T10:57:47","modified_gmt":"2026-04-05T10:57:47","slug":"parque-de-la-bateria","status":"publish","type":"product","link":"https:\/\/adventure-hunt.com\/es\/product\/parque-de-la-bateria\/","title":{"rendered":"Parque de la Bater\u00eda"},"content":{"rendered":"<p>[et_pb_section fb_built=&#8221;1&#8243; _builder_version=&#8221;4.16&#8243; custom_padding=&#8221;0px||||false|false&#8221; global_colors_info=&#8221;{}&#8221;][et_pb_row _builder_version=&#8221;4.16&#8243; background_size=&#8221;initial&#8221; background_position=&#8221;top_left&#8221; background_repeat=&#8221;repeat&#8221; width=&#8221;100%&#8221; custom_padding=&#8221;0px||0px||false|false&#8221; global_colors_info=&#8221;{}&#8221;][et_pb_column type=&#8221;4_4&#8243; _builder_version=&#8221;4.16&#8243; custom_padding=&#8221;|||&#8221; global_colors_info=&#8221;{}&#8221; custom_padding__hover=&#8221;|||&#8221;][et_pb_wc_cart_notice _builder_version=&#8221;4.16&#8243; global_colors_info=&#8221;{}&#8221;][\/et_pb_wc_cart_notice][\/et_pb_column][\/et_pb_row][et_pb_row column_structure=&#8221;1_2,1_2&#8243; _builder_version=&#8221;4.16&#8243; background_size=&#8221;initial&#8221; background_position=&#8221;top_left&#8221; background_repeat=&#8221;repeat&#8221; width=&#8221;100%&#8221; custom_padding=&#8221;0px||||false|false&#8221; global_colors_info=&#8221;{}&#8221;][et_pb_column type=&#8221;1_2&#8243; _builder_version=&#8221;4.16&#8243; custom_padding=&#8221;|||&#8221; global_colors_info=&#8221;{}&#8221; custom_padding__hover=&#8221;|||&#8221;][et_pb_wc_title _builder_version=&#8221;4.16&#8243; global_colors_info=&#8221;{}&#8221;][\/et_pb_wc_title][et_pb_wc_description _builder_version=&#8221;4.16&#8243; global_colors_info=&#8221;{}&#8221;][\/et_pb_wc_description][et_pb_wc_price _builder_version=&#8221;4.16&#8243; global_colors_info=&#8221;{}&#8221;][\/et_pb_wc_price][et_pb_wc_add_to_cart _builder_version=&#8221;4.16&#8243; global_colors_info=&#8221;{}&#8221;][\/et_pb_wc_add_to_cart][et_pb_text module_id=&#8221;buy-now&#8221; _builder_version=&#8221;4.27.4&#8243; _module_preset=&#8221;default&#8221; global_module=&#8221;2307&#8243; global_colors_info=&#8221;{}&#8221;]<\/p>\n<ul>\n<li>The price is PER GROUP<\/li>\n<li>You do not need to select a date or time.<\/li>\n<li>Our app opens using the same language as your phone if it is available. You can change to one of the other supported languages when you login if preferred.<\/li>\n<li>You can do your Adventure Hunt at any time as the Adventure Hunt App guides you from clue to clue, though some clues will be tricky without daylight.<\/li>\n<li>Your booking confirmation email includes all of the information needed to start your Adventure Hunt!<\/li>\n<li>We suggest you install the app and login to it before you leave home. You can then read through the first few screens and make sure everything is working for you.<\/li>\n<li>The app will direct you to the start of your Adventure Hunt.<\/li>\n<\/ul>\n<p>[\/et_pb_text][\/et_pb_column][et_pb_column type=&#8221;1_2&#8243; _builder_version=&#8221;4.16&#8243; custom_padding=&#8221;|||&#8221; global_colors_info=&#8221;{}&#8221; custom_padding__hover=&#8221;|||&#8221;][et_pb_wc_images _builder_version=&#8221;4.16&#8243; global_colors_info=&#8221;{}&#8221;][\/et_pb_wc_images][et_pb_toggle title=&#8221;More Information&#8221; _builder_version=&#8221;4.27.4&#8243; _dynamic_attributes=&#8221;content&#8221; _module_preset=&#8221;default&#8221; global_colors_info=&#8221;{}&#8221;]@ET-DC@eyJkeW5hbWljIjp0cnVlLCJjb250ZW50IjoicHJvZHVjdF9kZXNjcmlwdGlvbiIsInNldHRpbmdzIjp7ImJlZm9yZSI6IiIsImFmdGVyIjoiIn19@[\/et_pb_toggle][\/et_pb_column][\/et_pb_row][et_pb_row _builder_version=&#8221;4.16&#8243; background_size=&#8221;initial&#8221; background_position=&#8221;top_left&#8221; background_repeat=&#8221;repeat&#8221; width=&#8221;100%&#8221; global_colors_info=&#8221;{}&#8221;][et_pb_column type=&#8221;4_4&#8243; _builder_version=&#8221;4.16&#8243; custom_padding=&#8221;|||&#8221; global_colors_info=&#8221;{}&#8221; custom_padding__hover=&#8221;|||&#8221;][et_pb_wc_related_products include_categories=&#8221;275&#8243; _builder_version=&#8221;4.27.0&#8243; title_font_size=&#8221;14px&#8221; product_title_font_size=&#8221;14px&#8221; global_colors_info=&#8221;{}&#8221;][\/et_pb_wc_related_products][\/et_pb_column][\/et_pb_row][\/et_pb_section]<\/p>\n","protected":false},"excerpt":{"rendered":"<p>La ruta Parque de la Bater\u00eda Adventure Hunt consta de m\u00e1s de 20 pistas repartidas a lo largo de 2 km alrededor del famoso parque de Torremolinos, con vistas al mar.<\/p>\n<p>Esta caza est\u00e1 disponible en ingl\u00e9s, espa\u00f1ol, italiano, alem\u00e1n, franc\u00e9s, portugu\u00e9s y neerland\u00e9s.<\/p>\n<p><a href=\"https:\/\/maps.app.goo.gl\/UmM46cEgjrNcrCR19\">Haga clic aqu\u00ed para abrir la ubicaci\u00f3n de inicio en mapas.<\/a><\/p>","protected":false},"featured_media":6075,"template":"","meta":{"_et_pb_use_builder":"on","_et_pb_old_content":"This Adventure Hunt begins and ends at the gates to Parque de la Bater\u00eda, Torremolinos. The full address is Parque de la Bater\u00eda, Calle Decano Antonio Seoane s\/n, 29620 Torremolinos, M\u00e1laga. The circular 2km route has 23 clues, all within the park, and you should allow about 1.5 hours to complete your experience.\r\n\r\nParque de la Bater\u00eda is in a fabulous location overlooking the sea. It is one of Torremolinos' green lungs, and there really is something for everyone here! It offers a great combination of sports facilities, art, history and children\u2019s activities. This Adventure Hunt is perfect for children as all the clues are inside the park and there is lots for them to see and do. If there are more than 4 of you, why not split into several groups to get the competitive juices flowing!\r\n\r\nYou can do the Adventure Hunt all year-round during daylight hours. There is no time limit, so take as long as you like! Enjoy a snack, ice cream or drink from the kiosk or vending machines in the park. The park is busy at weekends and after school, so if you prefer a more peaceful experience, choose weekdays before 3pm! Just before sunset can be a lovely time, especially in autumn.\r\n\r\nTest your powers of discovery and see how observant you are, while enjoying a fun challenge with your friends and family.\r\n<h3>Practical information<\/h3>\r\nThe route is suitable for wheelchairs, buggies and strollers, and the park is disabled friendly. There are public toilets with baby changing facilities, disabled toilets, and children\u2019s toilets. Dogs on leads are permitted but should stay on the paths.\r\nPark opening hours vary in winter and summer, so we recommend you check before starting your Adventure Hunt. It does not close at midday.\r\n<h3>Getting there<\/h3>\r\nParque de la Bater\u00eda is located north of La Carihuela\/ Montemar neighbourhood and is a 5-minute walk from the Montemar Alto train station, making it easy to visit from anywhere along the M\u00e1laga to Fuengirola railway line (\u2018Cercanias\u2019). If you prefer to drive to the park, there are limited parking spaces which fill up at weekends and after school; there are disabled parking spaces available.\r\n\r\nA new panoramic elevator links Parque de la Bater\u00eda with Avenida Carlota Alessandri and the beaches of La Carihuela. The lift, with a height of 30 metres and linked to the park with a 60-metre walkway, has capacity for eight people and a cost of 1 euro payable by bank card. It is free of charge for pensioners and those with reduced mobility. The opening hours are currently 10am to 2pm and 3pm to 6pm in winter (October to March) and 10am to 2pm and 4pm to 8pm in summer (check opening times of both the lift and park before arriving as they can vary).","_et_gb_content_width":""},"product_brand":[],"product_cat":[275,299,276],"product_tag":[],"class_list":{"0":"post-5865","1":"product","2":"type-product","3":"status-publish","4":"has-post-thumbnail","6":"product_cat-malaga","7":"product_cat-parque-bateria","8":"product_cat-torremolinos","10":"first","11":"instock","12":"downloadable","13":"virtual","14":"sold-individually","15":"purchasable","16":"product-type-simple"},"_links":{"self":[{"href":"https:\/\/adventure-hunt.com\/es\/wp-json\/wp\/v2\/product\/5865","targetHints":{"allow":["GET"]}}],"collection":[{"href":"https:\/\/adventure-hunt.com\/es\/wp-json\/wp\/v2\/product"}],"about":[{"href":"https:\/\/adventure-hunt.com\/es\/wp-json\/wp\/v2\/types\/product"}],"wp:featuredmedia":[{"embeddable":true,"href":"https:\/\/adventure-hunt.com\/es\/wp-json\/wp\/v2\/media\/6075"}],"wp:attachment":[{"href":"https:\/\/adventure-hunt.com\/es\/wp-json\/wp\/v2\/media?parent=5865"}],"wp:term":[{"taxonomy":"product_brand","embeddable":true,"href":"https:\/\/adventure-hunt.com\/es\/wp-json\/wp\/v2\/product_brand?post=5865"},{"taxonomy":"product_cat","embeddable":true,"href":"https:\/\/adventure-hunt.com\/es\/wp-json\/wp\/v2\/product_cat?post=5865"},{"taxonomy":"product_tag","embeddable":true,"href":"https:\/\/adventure-hunt.com\/es\/wp-json\/wp\/v2\/product_tag?post=5865"}],"curies":[{"name":"wp","href":"https:\/\/api.w.org\/{rel}","templated":true}]}}