{"id":6888,"date":"2026-04-25T07:19:10","date_gmt":"2026-04-25T07:19:10","guid":{"rendered":"https:\/\/adventure-hunt.com\/?post_type=product&#038;p=6888"},"modified":"2026-04-25T14:13:38","modified_gmt":"2026-04-25T14:13:38","slug":"faro","status":"publish","type":"product","link":"https:\/\/adventure-hunt.com\/es\/product\/faro\/","title":{"rendered":"Faro"},"content":{"rendered":"<p>[et_pb_section fb_built=&#8221;1&#8243; _builder_version=&#8221;4.16&#8243; custom_padding=&#8221;0px||||false|false&#8221; global_colors_info=&#8221;{}&#8221;][et_pb_row _builder_version=&#8221;4.16&#8243; background_size=&#8221;initial&#8221; background_position=&#8221;top_left&#8221; background_repeat=&#8221;repeat&#8221; width=&#8221;100%&#8221; custom_padding=&#8221;0px||0px||false|false&#8221; global_colors_info=&#8221;{}&#8221;][et_pb_column type=&#8221;4_4&#8243; _builder_version=&#8221;4.16&#8243; custom_padding=&#8221;|||&#8221; global_colors_info=&#8221;{}&#8221; custom_padding__hover=&#8221;|||&#8221;][et_pb_wc_cart_notice _builder_version=&#8221;4.16&#8243; global_colors_info=&#8221;{}&#8221;][\/et_pb_wc_cart_notice][\/et_pb_column][\/et_pb_row][et_pb_row column_structure=&#8221;1_2,1_2&#8243; _builder_version=&#8221;4.16&#8243; background_size=&#8221;initial&#8221; background_position=&#8221;top_left&#8221; background_repeat=&#8221;repeat&#8221; width=&#8221;100%&#8221; custom_padding=&#8221;0px||||false|false&#8221; global_colors_info=&#8221;{}&#8221;][et_pb_column type=&#8221;1_2&#8243; _builder_version=&#8221;4.16&#8243; custom_padding=&#8221;|||&#8221; global_colors_info=&#8221;{}&#8221; custom_padding__hover=&#8221;|||&#8221;][et_pb_wc_title _builder_version=&#8221;4.16&#8243; global_colors_info=&#8221;{}&#8221;][\/et_pb_wc_title][et_pb_wc_description _builder_version=&#8221;4.16&#8243; global_colors_info=&#8221;{}&#8221;][\/et_pb_wc_description][et_pb_wc_price _builder_version=&#8221;4.16&#8243; global_colors_info=&#8221;{}&#8221;][\/et_pb_wc_price][et_pb_wc_add_to_cart _builder_version=&#8221;4.16&#8243; global_colors_info=&#8221;{}&#8221;][\/et_pb_wc_add_to_cart][et_pb_text module_id=&#8221;buy-now&#8221; _builder_version=&#8221;4.27.4&#8243; _module_preset=&#8221;default&#8221; global_module=&#8221;2307&#8243; global_colors_info=&#8221;{}&#8221;]<\/p>\n<ul>\n<li>The price is PER GROUP<\/li>\n<li>You do not need to select a date or time.<\/li>\n<li>Our app opens using the same language as your phone if it is available. You can change to one of the other supported languages when you login if preferred.<\/li>\n<li>You can do your Adventure Hunt at any time as the Adventure Hunt App guides you from clue to clue, though some clues will be tricky without daylight.<\/li>\n<li>Your booking confirmation email includes all of the information needed to start your Adventure Hunt!<\/li>\n<li>We suggest you install the app and login to it before you leave home. You can then read through the first few screens and make sure everything is working for you.<\/li>\n<li>The app will direct you to the start of your Adventure Hunt.<\/li>\n<\/ul>\n<p>[\/et_pb_text][\/et_pb_column][et_pb_column type=&#8221;1_2&#8243; _builder_version=&#8221;4.16&#8243; custom_padding=&#8221;|||&#8221; global_colors_info=&#8221;{}&#8221; custom_padding__hover=&#8221;|||&#8221;][et_pb_wc_images _builder_version=&#8221;4.16&#8243; global_colors_info=&#8221;{}&#8221;][\/et_pb_wc_images][et_pb_toggle title=&#8221;More Information&#8221; _builder_version=&#8221;4.27.4&#8243; _dynamic_attributes=&#8221;content&#8221; _module_preset=&#8221;default&#8221; global_colors_info=&#8221;{}&#8221;]@ET-DC@eyJkeW5hbWljIjp0cnVlLCJjb250ZW50IjoicHJvZHVjdF9kZXNjcmlwdGlvbiIsInNldHRpbmdzIjp7ImJlZm9yZSI6IiIsImFmdGVyIjoiIn19@[\/et_pb_toggle][\/et_pb_column][\/et_pb_row][et_pb_row _builder_version=&#8221;4.16&#8243; background_size=&#8221;initial&#8221; background_position=&#8221;top_left&#8221; background_repeat=&#8221;repeat&#8221; width=&#8221;100%&#8221; global_colors_info=&#8221;{}&#8221;][et_pb_column type=&#8221;4_4&#8243; _builder_version=&#8221;4.16&#8243; custom_padding=&#8221;|||&#8221; global_colors_info=&#8221;{}&#8221; custom_padding__hover=&#8221;|||&#8221;][et_pb_wc_related_products posts_number=&#8221;9&#8243; include_categories=&#8221;34&#8243; _builder_version=&#8221;4.27.6&#8243; title_font_size=&#8221;14px&#8221; product_title_font_size=&#8221;14px&#8221; global_colors_info=&#8221;{}&#8221;][\/et_pb_wc_related_products][\/et_pb_column][\/et_pb_row][\/et_pb_section]<\/p>\n","protected":false},"excerpt":{"rendered":"<p>The Faro Adventure takes you through Faro\u2019s must-see highlights, from the historic cobbled streets of the medieval Old Town (Cidade Velha) to the tiled boulevards of the bustling shopping district, and the palm-lined harbour. It includes 19 puzzles over a 2km route.<\/p>\n<p>Esta caza est\u00e1 disponible en ingl\u00e9s, espa\u00f1ol, italiano, alem\u00e1n, franc\u00e9s y neerland\u00e9s.<\/p>\n<p><a href=\"https:\/\/maps.app.goo.gl\/pDCkpaqeQgyEMasWA\"> Haga clic aqu\u00ed para abrir la ubicaci\u00f3n de inicio en mapas.<\/a><\/p>","protected":false},"featured_media":6923,"template":"","meta":{"_et_pb_use_builder":"on","_et_pb_old_content":"Explore the delights of Faro, the vibrant capital of the Algarve, on a 2km self-guided walking trail. Using the Adventure Hunt app (available on Android and iPhone), you\u2019ll follow clues, solve puzzles, and uncover fascinating fun facts as you go \u2014 with helpful hints available whenever you need them.\r\n\r\nThe trail takes you through Faro\u2019s must-see highlights, from the historic cobbled streets of the medieval Old Town (Cidade Velha) to the tiled boulevards of the bustling shopping district, and the palm-lined harbour. Along the way, you\u2019ll also discover hidden gems, including the traditional S\u00e3o Pedro district, known for its local character.\r\nWith 19 stops along the route, the experience takes around 1.5 to 2 hours to complete. Free parking is available nearby (a 10-minute walk), and both the bus and train stations are just 5 minutes-walk away.\r\n<h3>Highlights<\/h3>\r\n* The beautiful orange tree-lined Largo da S\u00e9, home to Faro Cathedral\r\n* The ancient city walls and narrow cobbled streets of Cidade Velha, the Old Town\r\n* Great street art and unique architecture\r\n* The ornate, pastel-blue Belmar\u00e7o Palace\r\n* White Stork nests perched on cranes, rooftops, and church spires across the city\r\n* Authentic caf\u00e9 culture and family-run businesses in S\u00e3o Pedro\r\n* Independent boutique shopping in the pedestrianised centre\r\n* Harbourside restaurants and bars, perfect for breakfast, lunch, or sundowners.\r\n\r\nThere\u2019s plenty more to see and do along (or just beyond) the Hunt trail. Visit the Municipal and Maritime Museums or enjoy hands-on exhibits and an aquarium at the Faro Science Museum \u2014 ideal for families. Don\u2019t miss the famous Chapel of Bones at Igreja do Carmo.\r\nYou can also catch a ferry to the stunning Ilha Deserta or relax on Faro Beach.\r\nWhen it comes to food and drink, Faro has something for everyone \u2014 from historic tavernas and traditional seafood restaurants to vegan caf\u00e9s and gelaterias.\r\n<h3>WHY DO FARO ADVENTURE HUNT?<\/h3>\r\n<strong>Flexibility:<\/strong> play whenever you want. There\u2019s no set start\/end time or date. You can even do it on a summer evening.\r\n<strong>Set your own pace:<\/strong>\u00a0take as long as you like. There\u2019s no time limit. Average 1.5-2hr experience plus stops.\r\n<strong>Private and independent:<\/strong>\u00a0you decide your group size and number of groups. No tagging along with others or following a tour guide. We can even create a bespoke team-building or corporate group experience for you.\r\n<strong>Family-friendly:<\/strong>\u00a0play with your partner, your kids, or even grandad. Our Hunts are ideal for anyone aged 8+. No specific knowledge needed.\r\n<strong>Engaging:<\/strong>\u00a0use creative\/logical thinking to solve the puzzles and look for the details. Take time to really \u2018see\u2019 the city and discover charming neighbourhoods and pretty backstreets.\r\n<strong>Hidden gems:<\/strong>\u00a0discover unique, \u2018off the beaten track\u2019 places, as well as the highlights. Even if you\u2019re a regular visitor, or a local, our Hunt will help you experience Faro with fresh eyes.\r\n<strong>All-weather activity:<\/strong>\u00a0cloudy or rainy day? Grab an umbrella and head out. There are plenty of warming coffee &amp; cake stops along the trail.\r\n<strong>Excellent value:\u00a0<\/strong>only \u20ac19.50 per group \u2013 that\u2019s less than 5\u20ac per person for a fun family experience (recommended group size 2-4). If you\u2019re a big group, we recommend you split into teams of 4.","_et_gb_content_width":""},"product_brand":[],"product_cat":[34,308],"product_tag":[],"class_list":{"0":"post-6888","1":"product","2":"type-product","3":"status-publish","4":"has-post-thumbnail","6":"product_cat-algarve","7":"product_cat-faro","9":"first","10":"instock","11":"downloadable","12":"virtual","13":"sold-individually","14":"purchasable","15":"product-type-simple"},"_links":{"self":[{"href":"https:\/\/adventure-hunt.com\/es\/wp-json\/wp\/v2\/product\/6888","targetHints":{"allow":["GET"]}}],"collection":[{"href":"https:\/\/adventure-hunt.com\/es\/wp-json\/wp\/v2\/product"}],"about":[{"href":"https:\/\/adventure-hunt.com\/es\/wp-json\/wp\/v2\/types\/product"}],"wp:featuredmedia":[{"embeddable":true,"href":"https:\/\/adventure-hunt.com\/es\/wp-json\/wp\/v2\/media\/6923"}],"wp:attachment":[{"href":"https:\/\/adventure-hunt.com\/es\/wp-json\/wp\/v2\/media?parent=6888"}],"wp:term":[{"taxonomy":"product_brand","embeddable":true,"href":"https:\/\/adventure-hunt.com\/es\/wp-json\/wp\/v2\/product_brand?post=6888"},{"taxonomy":"product_cat","embeddable":true,"href":"https:\/\/adventure-hunt.com\/es\/wp-json\/wp\/v2\/product_cat?post=6888"},{"taxonomy":"product_tag","embeddable":true,"href":"https:\/\/adventure-hunt.com\/es\/wp-json\/wp\/v2\/product_tag?post=6888"}],"curies":[{"name":"wp","href":"https:\/\/api.w.org\/{rel}","templated":true}]}}