{"id":2648,"date":"2023-08-19T15:55:27","date_gmt":"2023-08-19T15:55:27","guid":{"rendered":"https:\/\/adventure-hunt.com\/?page_id=2648"},"modified":"2026-03-29T15:42:51","modified_gmt":"2026-03-29T15:42:51","slug":"nouvelle-experience-descape-room-a-praia-da-luz","status":"publish","type":"page","link":"https:\/\/adventure-hunt.com\/fr\/new-praia-da-luz-escape-room-experience\/","title":{"rendered":"Nouvelle exp\u00e9rience de salle d'\u00e9vasion \u00e0 Praia da Luz"},"content":{"rendered":"<p>[et_pb_section fb_built=&#8221;1&#8243; fullwidth=&#8221;on&#8221; admin_label=&#8221;Hero&#8221; _builder_version=&#8221;4.27.0&#8243; background_enable_color=&#8221;off&#8221; parallax=&#8221;on&#8221; z_index=&#8221;9999&#8243; custom_padding=&#8221;0px|0px|0px|0px&#8221; global_colors_info=&#8221;{}&#8221;][et_pb_fullwidth_header title=&#8221;Adventure Hunt Praia da Luz&#8221; button_one_text=&#8221;Book Now&#8221; button_one_url=&#8221;https:\/\/adventure-hunt.com\/product\/praia-da-luz-portugal\/&#8221; background_overlay_color=&#8221;RGBA(255,255,255,0)&#8221; content_max_width=&#8221;700px&#8221; admin_label=&#8221;Hero Section&#8221; module_id=&#8221;luz-home&#8221; _builder_version=&#8221;4.27.4&#8243; title_font=&#8221;&#8211;et_global_heading_font|700||on|||||&#8221; title_font_size=&#8221;80px&#8221; title_line_height=&#8221;1.3em&#8221; content_font=&#8221;Roboto||||&#8221; content_font_size=&#8221;20px&#8221; background_color=&#8221;rgba(255, 255, 255, 0)&#8221; background_image=&#8221;https:\/\/adventure-hunt.com\/wp-content\/uploads\/2023\/08\/praia-da-luz-escape-room-experence.jpg.webp&#8221; background_size=&#8221;cover&#8221; background_position=&#8221;bottom_center&#8221; background_vertical_offset=&#8221;15%&#8221; custom_button_one=&#8221;on&#8221; button_one_border_radius=&#8221;0px&#8221; button_one_letter_spacing=&#8221;4px&#8221; button_one_font=&#8221;Oswald|on||on|&#8221; button_one_icon=&#8221;&#x24;||divi||400&#8243; button_one_icon_color=&#8221;#ffffff&#8221; min_height=&#8221;650.7px&#8221; custom_margin=&#8221;|||&#8221; custom_padding=&#8221;150px||150px|&#8221; custom_padding_tablet=&#8221;60px||60px|&#8221; custom_padding_phone=&#8221;&#8221; custom_padding_last_edited=&#8221;on|tablet&#8221; child_filter_opacity=&#8221;54%&#8221; animation_direction=&#8221;bottom&#8221; background_last_edited=&#8221;on|phone&#8221; background_image_tablet=&#8221;https:\/\/adventure-hunt.com\/wp-content\/uploads\/2023\/08\/praia-da-luz-escape-room-experence.jpg.webp&#8221; background_image_phone=&#8221;https:\/\/adventure-hunt.com\/wp-content\/uploads\/2025\/09\/Praia-da-luz-escape-room-experience-mobile.jpg.webp&#8221; background_enable_image_tablet=&#8221;on&#8221; background_enable_image_phone=&#8221;on&#8221; button_one_text_color_hover=&#8221;#ffffff&#8221; button_one_border_color_hover=&#8221;#ffffff&#8221; button_one_border_radius_hover=&#8221;0px&#8221; button_one_letter_spacing_hover=&#8221;4px&#8221; button_one_bg_color_hover=&#8221;rgba(0,0,0,0)&#8221; global_colors_info=&#8221;{}&#8221; button_one_text_size__hover_enabled=&#8221;off&#8221; button_two_text_size__hover_enabled=&#8221;off&#8221; button_one_text_color__hover_enabled=&#8221;on&#8221; button_one_text_color__hover=&#8221;#ffffff&#8221; button_two_text_color__hover_enabled=&#8221;off&#8221; button_one_border_width__hover_enabled=&#8221;off&#8221; button_two_border_width__hover_enabled=&#8221;off&#8221; button_one_border_color__hover_enabled=&#8221;on&#8221; button_one_border_color__hover=&#8221;#ffffff&#8221; button_two_border_color__hover_enabled=&#8221;off&#8221; button_one_border_radius__hover_enabled=&#8221;on&#8221; button_one_border_radius__hover=&#8221;0px&#8221; button_two_border_radius__hover_enabled=&#8221;off&#8221; button_one_letter_spacing__hover_enabled=&#8221;on&#8221; button_one_letter_spacing__hover=&#8221;4px&#8221; button_two_letter_spacing__hover_enabled=&#8221;off&#8221; button_one_bg_color__hover_enabled=&#8221;on&#8221; button_one_bg_color__hover=&#8221;rgba(0,0,0,0)&#8221; button_two_bg_color__hover_enabled=&#8221;off&#8221;]<\/p>\n<p>A New Luz Escape Room Experience. Challenge Yourself!<\/p>\n<p>[\/et_pb_fullwidth_header][\/et_pb_section][et_pb_section fb_built=&#8221;1&#8243; _builder_version=&#8221;4.27.0&#8243; custom_padding=&#8221;15px||50px||false|false&#8221; global_colors_info=&#8221;{}&#8221;][et_pb_row _builder_version=&#8221;4.17.4&#8243; _module_preset=&#8221;default&#8221; custom_margin=&#8221;0px||0px||false|false&#8221; custom_padding=&#8221;10px||10px||false|false&#8221; global_colors_info=&#8221;{}&#8221;][et_pb_column type=&#8221;4_4&#8243; _builder_version=&#8221;4.17.4&#8243; _module_preset=&#8221;default&#8221; global_colors_info=&#8221;{}&#8221;][et_pb_menu menu_id=&#8221;68&#8243; menu_style=&#8221;inline_centered_logo&#8221; disabled_on=&#8221;off|off|off&#8221; module_id=&#8221;contents-table&#8221; _builder_version=&#8221;4.27.0&#8243; _module_preset=&#8221;default&#8221; custom_padding=&#8221;||10px||false|false&#8221; sticky_position=&#8221;top&#8221; global_colors_info=&#8221;{}&#8221;][\/et_pb_menu][\/et_pb_column][\/et_pb_row][et_pb_row column_structure=&#8221;1_2,1_2&#8243; _builder_version=&#8221;4.16&#8243; global_colors_info=&#8221;{}&#8221;][et_pb_column type=&#8221;1_2&#8243; _builder_version=&#8221;4.16&#8243; custom_padding=&#8221;|||&#8221; global_colors_info=&#8221;{}&#8221; custom_padding__hover=&#8221;|||&#8221;][et_pb_text admin_label=&#8221;Discover Beatuty Title&#8221; _builder_version=&#8221;4.27.4&#8243; text_font=&#8221;||||&#8221; text_text_color=&#8221;#1a1a1a&#8221; header_font=&#8221;Oswald|on||on|&#8221; header_text_align=&#8221;left&#8221; header_font_size=&#8221;60px&#8221; header_line_height=&#8221;1.3em&#8221; animation_direction=&#8221;%22fade_in%22&#8243; global_colors_info=&#8221;{}&#8221;]<\/p>\n<h2>Luz Escape Room Experience<\/h2>\n<p>[\/et_pb_text][et_pb_text admin_label=&#8221;Discover Beatuty Sub Title&#8221; module_id=&#8221;lagos-about&#8221; _builder_version=&#8221;4.27.4&#8243; text_font=&#8221;Roboto||||&#8221; text_text_color=&#8221;#1a1a1a&#8221; text_font_size=&#8221;24px&#8221; text_line_height=&#8221;1.4em&#8221; animation_direction=&#8221;top&#8221; global_colors_info=&#8221;{}&#8221;]<\/p>\n<p>Praia da Luz Adventure Hunt is an interactive experience that combines elements of scavenger hunts, treasure trails, walking tours, and escape rooms. Think of it as a self-guided puzzle walk &#8211; blending sightseeing with problem-solving, turning a simple walk into an engaging and inspiring experience. Only 19.50\u20ac per group.<\/p>\n<p>[\/et_pb_text][et_pb_divider color=&#8221;#ed4441&#8243; divider_position=&#8221;center&#8221; divider_weight=&#8221;3px&#8221; disabled_on=&#8221;off|off|off&#8221; _builder_version=&#8221;4.16&#8243; max_width=&#8221;150px&#8221; height=&#8221;false&#8221; animation_style=&#8221;slide&#8221; animation_direction=&#8221;top&#8221; animation_delay=&#8221;200ms&#8221; animation_intensity_slide=&#8221;10%&#8221; global_colors_info=&#8221;{}&#8221;][\/et_pb_divider][et_pb_wc_description product=&#8221;2628&#8243; description_type=&#8221;description&#8221; _builder_version=&#8221;4.21.0&#8243; _module_preset=&#8221;default&#8221; global_colors_info=&#8221;{}&#8221;][\/et_pb_wc_description][\/et_pb_column][et_pb_column type=&#8221;1_2&#8243; _builder_version=&#8221;4.16&#8243; custom_padding=&#8221;|||&#8221; global_colors_info=&#8221;{}&#8221; custom_padding__hover=&#8221;|||&#8221;][et_pb_code disabled_on=&#8221;off|off|off&#8221; module_id=&#8221;reviews&#8221; module_class=&#8221;TA-product-page&#8221; _builder_version=&#8221;4.27.4&#8243; _module_preset=&#8221;default&#8221; module_alignment=&#8221;left&#8221; custom_margin=&#8221;50px|||30px|false|false&#8221; global_colors_info=&#8221;{}&#8221;]<\/p>\n<div id=\"TA_selfserveprop451\" class=\"TA_selfserveprop\">\n<ul id=\"kEcZRmh9c\" class=\"TA_links G0FZkAXh\">\n<li id=\"rGkSr3V\" class=\"sSIW0uhE\"><a target=\"_blank\" href=\"https:\/\/www.tripadvisor.com\/Attraction_Review-g776012-d26551380-Reviews-Adventure_Hunt_Luz-Luz_Faro_District_Algarve.html\" rel=\"noopener\"><img decoding=\"async\" src=\"https:\/\/www.tripadvisor.com\/img\/cdsi\/img2\/branding\/v2\/Tripadvisor_lockup_horizontal_secondary_registered-11900-2.svg\" alt=\"TripAdvisor\" title=\"\"><\/a><\/li>\n<\/ul>\n<\/div>\n<p><script async src=\"https:\/\/www.jscache.com\/wejs?wtype=selfserveprop&#038;uniq=451&#038;locationId=26551380&#038;lang=en_US&#038;rating=true&#038;nreviews=5&#038;writereviewlink=true&#038;popIdx=true&#038;iswide=false&#038;border=true&#038;display_version=2\" data-loadtrk onload=\"this.loadtrk=true\"><\/script>[\/et_pb_code][et_pb_gallery gallery_ids=&#8221;2705,2706,2704,4083&#8243; show_title_and_caption=&#8221;off&#8221; show_pagination=&#8221;off&#8221; module_id=&#8221;lagos-images&#8221; _builder_version=&#8221;4.27.0&#8243; _module_preset=&#8221;default&#8221; global_colors_info=&#8221;{}&#8221;][\/et_pb_gallery][\/et_pb_column][\/et_pb_row][et_pb_row _builder_version=&#8221;4.17.4&#8243; _module_preset=&#8221;default&#8221; global_colors_info=&#8221;{}&#8221;][et_pb_column type=&#8221;4_4&#8243; _builder_version=&#8221;4.17.4&#8243; _module_preset=&#8221;default&#8221; global_colors_info=&#8221;{}&#8221;][et_pb_text disabled_on=&#8221;off|off|off&#8221; module_id=&#8221;luz-faq&#8221; _builder_version=&#8221;4.21.0&#8243; _module_preset=&#8221;default&#8221; text_font=&#8221;|700|||||||&#8221; text_font_size=&#8221;20px&#8221; header_font=&#8221;Oswald|700||on|||||&#8221; header_font_size=&#8221;60px&#8221; header_line_height=&#8221;1.3em&#8221; global_colors_info=&#8221;{}&#8221;]<\/p>\n<h2 style=\"text-align: center;\">Luz FAQ<\/h2>\n<p>[\/et_pb_text][\/et_pb_column][\/et_pb_row][et_pb_row _builder_version=&#8221;4.22.1&#8243; _module_preset=&#8221;default&#8221; background_color=&#8221;#001182&#8243; global_colors_info=&#8221;{}&#8221;][et_pb_column type=&#8221;4_4&#8243; _builder_version=&#8221;4.16&#8243; _module_preset=&#8221;default&#8221; global_colors_info=&#8221;{}&#8221;][et_pb_accordion _builder_version=&#8221;4.17.4&#8243; _module_preset=&#8221;default&#8221; toggle_level=&#8221;h3&#8243; max_width=&#8221;90%&#8221; module_alignment=&#8221;center&#8221; rank_math_faq_schema=&#8221;on&#8221; global_colors_info=&#8221;{}&#8221;][et_pb_accordion_item title=&#8221;Is Adventure Hunt Luz an escape room?&#8221; open=&#8221;on&#8221; _builder_version=&#8221;4.17.4&#8243; _module_preset=&#8221;default&#8221; global_colors_info=&#8221;{}&#8221;]<\/p>\n<p>Adventure Hunt Luz is not an escape room but it is a fun experience with similar challenges and is enjoyable for people who enjoy escape rooms.\u00a0 Everything takes place outside, at your own pace &#8211; there is no race against the clock.\u00a0 In fact, we encourage people to take a break for a drink or something to eat and enjoy the lovely surrounding that the Adventure Hunt is set in.<\/p>\n<p>The real similarity is that the puzzles require a degree of teamwork and lateral thinking.\u00a0\u00a0<\/p>\n<p>[\/et_pb_accordion_item][et_pb_accordion_item title=&#8221;Is Adventure Hunt a walking tour of Luz?&#8221; _builder_version=&#8221;4.17.4&#8243; _module_preset=&#8221;default&#8221; global_colors_info=&#8221;{}&#8221; open=&#8221;off&#8221;]<\/p>\n<p>The Adventure Hunt in Luz takes you on some interesting streets in the old town and near the harbour.\u00a0 It shows you some places that you were possibly not aware of.\u00a0 However, it is not a replacement for a historical or guided walk as the focus is on having fun rather than learning.<\/p>\n<p>[\/et_pb_accordion_item][et_pb_accordion_item title=&#8221;Is This New Luz escape room experience suitable for families?&#8221; _builder_version=&#8221;4.17.4&#8243; _module_preset=&#8221;default&#8221; global_colors_info=&#8221;{}&#8221; open=&#8221;off&#8221;]<\/p>\n<p>Yes, Adventure Hunt is great for families.\u00a0 \u00a0Choose the Family option when you make your booking if you have children under the age of 8-12.<\/p>\n<p>[\/et_pb_accordion_item][et_pb_accordion_item title=&#8221;are the clues complicated?&#8221; _builder_version=&#8221;4.16&#8243; _module_preset=&#8221;default&#8221; global_colors_info=&#8221;{}&#8221; open=&#8221;off&#8221;]<\/p>\n<p>This is a really difficult question! What we can say is that out of the 10 initial test groups no single clue was found to be difficult by all groups.\u00a0 Every group did find a couple to be quite challenging, but it was almost always different clues from the other groups.\u00a0\u00a0<\/p>\n<p>We can assure you that you are not faced with any impossible puzzles.\u00a0 If you are a family group then you should choose the family option.\u00a0 If unsure, choose the standard route.<\/p>\n<p>[\/et_pb_accordion_item][et_pb_accordion_item title=&#8221;How do I win?&#8221; _builder_version=&#8221;4.16&#8243; _module_preset=&#8221;default&#8221; global_colors_info=&#8221;{}&#8221; open=&#8221;off&#8221;]<\/p>\n<p>Having fun is winning so there is no need to be too focused on the score.\u00a0 \u00a0That said, Adventure Hunt has a scoring system, with each clue offering a maximum of 20 points.\u00a0 Collect as many points as you do your Adventure Hunt and compete with friends and other groups.\u00a0\u00a0<\/p>\n<p>[\/et_pb_accordion_item][et_pb_accordion_item title=&#8221;Can we compete against another group?&#8221; _builder_version=&#8221;4.17.4&#8243; _module_preset=&#8221;default&#8221; global_colors_info=&#8221;{}&#8221; open=&#8221;off&#8221;]<\/p>\n<p><span style=\"font-size: 10.5pt; font-family: 'Open Sans',sans-serif; color: #666666;\">Live scores are available within the Adventure Hunt App. You will be able to see the scores of everyone doing the same hunt as you on the Clue Completed page.<\/span> We encourage a 10-minute break between groups.<\/p>\n<p>Please contact us if you have multiple groups. We can put up a specific configuration so that all of your groups can start on separate clues at the same time.<\/p>\n<p>[\/et_pb_accordion_item][\/et_pb_accordion][\/et_pb_column][\/et_pb_row][et_pb_row column_structure=&#8221;1_5,1_5,1_5,1_5,1_5&#8243; module_id=&#8221;luz-links&#8221; _builder_version=&#8221;4.21.0&#8243; _module_preset=&#8221;default&#8221; module_alignment=&#8221;center&#8221; global_colors_info=&#8221;{}&#8221;][et_pb_column type=&#8221;1_5&#8243; _builder_version=&#8221;4.16&#8243; _module_preset=&#8221;default&#8221; global_colors_info=&#8221;{}&#8221;][et_pb_image src=&#8221;https:\/\/adventure-hunt.com\/wp-content\/uploads\/2022\/01\/adventure-hunt-apple-appstore.png&#8221; title_text=&#8221;95443_apple_512x512&#8243; url=&#8221;https:\/\/apps.apple.com\/app\/id1607679827#?platform=iphone&#8221; url_new_window=&#8221;on&#8221; align=&#8221;center&#8221; _builder_version=&#8221;4.16&#8243; _module_preset=&#8221;default&#8221; max_width=&#8221;160px&#8221; global_colors_info=&#8221;{}&#8221;][\/et_pb_image][\/et_pb_column][et_pb_column type=&#8221;1_5&#8243; _builder_version=&#8221;4.16&#8243; _module_preset=&#8221;default&#8221; global_colors_info=&#8221;{}&#8221;][et_pb_image src=&#8221;https:\/\/adventure-hunt.com\/wp-content\/uploads\/2022\/01\/adventure-hunt-google-playstore.png&#8221; title_text=&#8221;google-play-icon-png-24&#8243; url=&#8221;https:\/\/play.google.com\/store\/apps\/details?id=com.adventurehunt.app&#8221; url_new_window=&#8221;on&#8221; align=&#8221;center&#8221; _builder_version=&#8221;4.16&#8243; _module_preset=&#8221;default&#8221; max_width=&#8221;160px&#8221; global_colors_info=&#8221;{}&#8221;][\/et_pb_image][\/et_pb_column][et_pb_column type=&#8221;1_5&#8243; _builder_version=&#8221;4.16&#8243; _module_preset=&#8221;default&#8221; link_option_url=&#8221;https:\/\/www.instagram.com\/adventurehuntgroup\/&#8221; link_option_url_new_window=&#8221;on&#8221; global_colors_info=&#8221;{}&#8221;][et_pb_image src=&#8221;https:\/\/adventure-hunt.com\/wp-content\/uploads\/2022\/04\/instagram-logo.png&#8221; title_text=&#8221;Instagram-logo-in-square-shape 2&#8243; url=&#8221;https:\/\/www.instagram.com\/adventurehunt_algarve\/&#8221; align=&#8221;center&#8221; _builder_version=&#8221;4.27.0&#8243; _module_preset=&#8221;default&#8221; max_width=&#8221;160px&#8221; global_colors_info=&#8221;{}&#8221;][\/et_pb_image][\/et_pb_column][et_pb_column type=&#8221;1_5&#8243; _builder_version=&#8221;4.16&#8243; _module_preset=&#8221;default&#8221; global_colors_info=&#8221;{}&#8221;][et_pb_image src=&#8221;https:\/\/adventure-hunt.com\/wp-content\/uploads\/2022\/01\/whatsapp-logo.png&#8221; title_text=&#8221;Whatsapp&#8221; url=&#8221;https:\/\/wa.me\/34666663451&#8243; url_new_window=&#8221;on&#8221; align=&#8221;center&#8221; _builder_version=&#8221;4.21.0&#8243; _module_preset=&#8221;default&#8221; max_width=&#8221;160px&#8221; global_colors_info=&#8221;{}&#8221;][\/et_pb_image][\/et_pb_column][et_pb_column type=&#8221;1_5&#8243; _builder_version=&#8221;4.16&#8243; _module_preset=&#8221;default&#8221; global_colors_info=&#8221;{}&#8221;][et_pb_image src=&#8221;https:\/\/adventure-hunt.com\/wp-content\/uploads\/2022\/03\/facebook-logo.jpg&#8221; title_text=&#8221;FB logo2&#8243; url=&#8221;https:\/\/www.facebook.com\/AdventureHuntWestAlgarve&#8221; url_new_window=&#8221;on&#8221; align=&#8221;center&#8221; _builder_version=&#8221;4.21.0&#8243; _module_preset=&#8221;default&#8221; max_width=&#8221;160px&#8221; global_colors_info=&#8221;{}&#8221;][\/et_pb_image][\/et_pb_column][\/et_pb_row][et_pb_row disabled_on=&#8221;off|off|off&#8221; _builder_version=&#8221;4.21.0&#8243; _module_preset=&#8221;default&#8221; global_colors_info=&#8221;{}&#8221;][et_pb_column type=&#8221;4_4&#8243; _builder_version=&#8221;4.17.4&#8243; _module_preset=&#8221;default&#8221; global_colors_info=&#8221;{}&#8221;][et_pb_text disabled_on=&#8221;off|off|off&#8221; module_id=&#8221;luz-partners&#8221; _builder_version=&#8221;4.21.0&#8243; _module_preset=&#8221;default&#8221; text_font=&#8221;|700|||||||&#8221; text_font_size=&#8221;20px&#8221; header_font=&#8221;Oswald|700||on|||||&#8221; header_font_size=&#8221;60px&#8221; header_line_height=&#8221;1.3em&#8221; global_colors_info=&#8221;{}&#8221;]<\/p>\n<h2 style=\"text-align: center;\">Adventure Hunt Luz Partners<\/h2>\n<p>[\/et_pb_text][\/et_pb_column][\/et_pb_row][et_pb_row column_structure=&#8221;1_5,1_5,1_5,1_5,1_5&#8243; disabled_on=&#8221;off|off|off&#8221; _builder_version=&#8221;4.21.0&#8243; _module_preset=&#8221;default&#8221; global_colors_info=&#8221;{}&#8221;][et_pb_column type=&#8221;1_5&#8243; _builder_version=&#8221;4.17.4&#8243; _module_preset=&#8221;default&#8221; global_colors_info=&#8221;{}&#8221;][\/et_pb_column][et_pb_column type=&#8221;1_5&#8243; _builder_version=&#8221;4.17.4&#8243; _module_preset=&#8221;default&#8221; global_colors_info=&#8221;{}&#8221;][\/et_pb_column][et_pb_column type=&#8221;1_5&#8243; _builder_version=&#8221;4.17.4&#8243; _module_preset=&#8221;default&#8221; global_colors_info=&#8221;{}&#8221;][et_pb_blurb title=&#8221;Tomorrow Magazine&#8221; url=&#8221;https:\/\/tomorrowalgarve.com\/community-news\/jun-2022-adventure-hunt\/&#8221; url_new_window=&#8221;on&#8221; image=&#8221;https:\/\/adventure-hunt.com\/wp-content\/uploads\/2022\/06\/lagos-tomorrow-magazine-review-things-to-do.png&#8221; _builder_version=&#8221;4.17.4&#8243; _module_preset=&#8221;default&#8221; header_level=&#8221;h3&#8243; link_option_url=&#8221;https:\/\/tomorrowalgarve.com\/community-news\/jun-2022-adventure-hunt\/&#8221; link_option_url_new_window=&#8221;on&#8221; global_colors_info=&#8221;{}&#8221;]<\/p>\n<p>Adventure Hunt was featured in the June edition of Tomorrow magazine.\u00a0 Follow this link to read the article.<\/p>\n<p>Tomorrow magazine is one of the largest English publications in the Algarve.<\/p>\n<p>[\/et_pb_blurb][\/et_pb_column][et_pb_column type=&#8221;1_5&#8243; _builder_version=&#8221;4.17.4&#8243; _module_preset=&#8221;default&#8221; global_colors_info=&#8221;{}&#8221;][\/et_pb_column][et_pb_column type=&#8221;1_5&#8243; _builder_version=&#8221;4.17.4&#8243; _module_preset=&#8221;default&#8221; global_colors_info=&#8221;{}&#8221;][\/et_pb_column][\/et_pb_row][et_pb_row _builder_version=&#8221;4.17.4&#8243; _module_preset=&#8221;default&#8221; global_colors_info=&#8221;{}&#8221;][et_pb_column type=&#8221;4_4&#8243; _builder_version=&#8221;4.17.4&#8243; _module_preset=&#8221;default&#8221; global_colors_info=&#8221;{}&#8221;][et_pb_text module_id=&#8221;luz-about&#8221; _builder_version=&#8221;4.21.0&#8243; _module_preset=&#8221;default&#8221; global_colors_info=&#8221;{}&#8221;]<\/p>\n<h2 style=\"text-align: center;\">About Luz<\/h2>\n<p>[\/et_pb_text][et_pb_text _builder_version=&#8221;4.17.4&#8243; _module_preset=&#8221;default&#8221; global_colors_info=&#8221;{}&#8221;]<\/p>\n<p>Originally a fishing town in the 17th-19th Centuries, Praia da Luz is now a popular seaside resort, but it has retained much of its charm. There are narrow cobbled streets to explore, with traditional blue and white houses covered in bougainvillea, and a beautiful promenade, decorated with tall palm trees, that runs along the remains of an old fortress wall.<\/p>\n<p>The beach is fine golden sand, with rockpools that reveal themselves at low tide. During the summer, there are plenty of sunbeds to chill out on, as well as a range of water sports equipment for hire. Towering above the beach is Rocha Negra, the black cliff, from where you can watch a magnificent sunset.<\/p>\n<p>Lunch and dinner options are plentiful, from traditional Portuguese dishes and fresh seafood to tasty pizzas, burgers, and even a Sunday roast. There are also plenty of places to enjoy a cold beer, or a sundowner cocktail overlooking the sea.<\/p>\n<p>[\/et_pb_text][et_pb_text module_id=&#8221;luz-about&#8221; _builder_version=&#8221;4.21.0&#8243; _module_preset=&#8221;default&#8221; global_colors_info=&#8221;{}&#8221;]<\/p>\n<h2 style=\"text-align: center;\">Contact Details<\/h2>\n<p>[\/et_pb_text][et_pb_accordion _builder_version=&#8221;4.27.4&#8243; _module_preset=&#8221;default&#8221; global_colors_info=&#8221;{}&#8221;][et_pb_accordion_item title=&#8221;Opening Hours&#8221; open=&#8221;on&#8221; _builder_version=&#8221;4.22.1&#8243; _module_preset=&#8221;default&#8221; global_colors_info=&#8221;{}&#8221;]<\/p>\n<p>Monday &#8211; Sunday, 07:30 &#8211; 19:30<br \/>The hours listed are approximate, you can do an Adventure Hunt whenever there is daylight.<\/p>\n<p>[\/et_pb_accordion_item][et_pb_accordion_item title=&#8221;Location&#8221; _builder_version=&#8221;4.27.4&#8243; _module_preset=&#8221;default&#8221; link_option_url_new_window=&#8221;on&#8221; global_colors_info=&#8221;{}&#8221; open=&#8221;off&#8221;]<\/p>\n<p><span>The start point for the Adventure Hunt is;<\/span><\/p>\n<p>R. 25 de Abril 10-22, 8600-154 Luz, Portugal<\/p>\n<p><a href=\"https:\/\/maps.google.com\/?q=37.08621,-8.73217\" target=\"_blank\" rel=\"noopener\">Click to open in google maps.<\/a><\/p>\n<p>[\/et_pb_accordion_item][et_pb_accordion_item title=&#8221;Contact Adventure Hunt&#8221; _builder_version=&#8221;4.27.4&#8243; _module_preset=&#8221;default&#8221; global_colors_info=&#8221;{}&#8221; open=&#8221;off&#8221;]<\/p>\n<p>To contact Adventure Hunt you can use email or Whats App.<\/p>\n<p><a href=\"https:\/\/wa.me\/34666663451\" target=\"_blank\" rel=\"noopener\">+34666663451 (Whats App Only)<\/a><\/p>\n<p><a href=\"mailto:info@adventure-hunt.com\" target=\"_blank\" rel=\"noopener\">info@adventure-hunt.com<\/a><\/p>\n<p>[\/et_pb_accordion_item][\/et_pb_accordion][\/et_pb_column][\/et_pb_row][et_pb_row _builder_version=&#8221;4.27.4&#8243; _module_preset=&#8221;default&#8221; z_index=&#8221;999&#8243; width=&#8221;100%&#8221; max_width=&#8221;1800px&#8221; saved_tabs=&#8221;all&#8221; global_colors_info=&#8221;{}&#8221;][et_pb_column type=&#8221;4_4&#8243; _builder_version=&#8221;4.27.4&#8243; _module_preset=&#8221;default&#8221; position_origin_f=&#8221;center_right&#8221; global_colors_info=&#8221;{}&#8221;][et_pb_text _builder_version=&#8221;4.27.4&#8243; _module_preset=&#8221;default&#8221; text_font=&#8221;|700|||||||&#8221; text_text_color=&#8221;#06407b&#8221; text_font_size=&#8221;20px&#8221; background_color=&#8221;#FFFFFF&#8221; z_index=&#8221;999&#8243; text_orientation=&#8221;right&#8221; max_width=&#8221;120px&#8221; module_alignment=&#8221;right&#8221; custom_margin=&#8221;|20px||10px|false|false&#8221; custom_padding=&#8221;5px|10px|5px|10px|false|false&#8221; link_option_url=&#8221;https:\/\/adventure-hunt.com\/product\/praia-da-luz-portugal\/ &#8221; sticky_position=&#8221;top_bottom&#8221; sticky_offset_top=&#8221;100px&#8221; sticky_offset_bottom=&#8221;100px&#8221; sticky_limit_top=&#8221;section&#8221; border_radii=&#8221;on|20px|20px|20px|20px&#8221; border_width_all=&#8221;5px&#8221; border_color_all=&#8221;#06407b&#8221; saved_tabs=&#8221;all&#8221; global_colors_info=&#8221;{}&#8221;]<\/p>\n<p style=\"text-align: center;\">Book<br \/>Now!<\/p>\n<p>[\/et_pb_text][\/et_pb_column][\/et_pb_row][\/et_pb_section]<\/p>\n","protected":false},"excerpt":{"rendered":"<p>A New Luz Escape Room Experience. Challenge Yourself!Luz Escape Room ExperiencePraia da Luz Adventure Hunt is an interactive experience that combines elements of scavenger hunts, treasure trails, walking tours, and escape rooms. Think of it as a self-guided puzzle walk &#8211; blending sightseeing with problem-solving, turning a simple walk into an engaging and inspiring experience. [&hellip;]<\/p>\n","protected":false},"author":2,"featured_media":0,"parent":0,"menu_order":0,"comment_status":"closed","ping_status":"closed","template":"","meta":{"_et_pb_use_builder":"on","_et_pb_old_content":"","_et_gb_content_width":"","footnotes":""},"class_list":["post-2648","page","type-page","status-publish","hentry"],"_links":{"self":[{"href":"https:\/\/adventure-hunt.com\/fr\/wp-json\/wp\/v2\/pages\/2648","targetHints":{"allow":["GET"]}}],"collection":[{"href":"https:\/\/adventure-hunt.com\/fr\/wp-json\/wp\/v2\/pages"}],"about":[{"href":"https:\/\/adventure-hunt.com\/fr\/wp-json\/wp\/v2\/types\/page"}],"author":[{"embeddable":true,"href":"https:\/\/adventure-hunt.com\/fr\/wp-json\/wp\/v2\/users\/2"}],"replies":[{"embeddable":true,"href":"https:\/\/adventure-hunt.com\/fr\/wp-json\/wp\/v2\/comments?post=2648"}],"version-history":[{"count":6,"href":"https:\/\/adventure-hunt.com\/fr\/wp-json\/wp\/v2\/pages\/2648\/revisions"}],"predecessor-version":[{"id":6577,"href":"https:\/\/adventure-hunt.com\/fr\/wp-json\/wp\/v2\/pages\/2648\/revisions\/6577"}],"wp:attachment":[{"href":"https:\/\/adventure-hunt.com\/fr\/wp-json\/wp\/v2\/media?parent=2648"}],"curies":[{"name":"wp","href":"https:\/\/api.w.org\/{rel}","templated":true}]}}