{"id":5239,"date":"2025-08-17T17:19:37","date_gmt":"2025-08-17T17:19:37","guid":{"rendered":"https:\/\/adventure-hunt.com\/affiliate-reset-password\/"},"modified":"2025-09-05T15:13:54","modified_gmt":"2025-09-05T15:13:54","slug":"affilie-reinitialiser-le-mot-de-passe","status":"publish","type":"page","link":"https:\/\/adventure-hunt.com\/fr\/affiliate-reset-password\/","title":{"rendered":"R\u00e9initialisation du mot de passe de l'affili\u00e9"},"content":{"rendered":"<p>Veuillez saisir votre nom d'utilisateur ou votre adresse \u00e9lectronique ci-dessous. Vous recevrez un lien pour confirmer la demande par e-mail. Un nouveau mot de passe sera g\u00e9n\u00e9r\u00e9 et pourra \u00eatre modifi\u00e9 ult\u00e9rieurement \u00e0 partir du portail des affili\u00e9s.<\/p>\n<div class=\"uap-pass-form-wrap uap-login-template-9\">\r\n\t\t<form method=\"post\" action=\"\" >\r\n\t\t<input type=\"hidden\" name=\"uap_reset_password_nonce\" value=\"a7e5d9b3d2\" \/>\r\n\t\t<input name=\"uapaction\" type=\"hidden\" value=\"reset_pass\">\r\n\r\n\t\t\t\t\t\t<div class=\"uap-form-line-fr\">\r\n\t\t\t\t\t\t<i class=\"fa-uap fa-username-uap\"><\/i>\r\n\t\t\t\t\t\t<input type=\"text\" value=\"\" name=\"email_or_userlogin\" placeholder=\"Nom d&#039;utilisateur ou adresse \u00e9lectronique\" \/>\r\n\t\t\t\t\t<\/div>\r\n\t\t\t\t\t<div class=\"uap-form-line-fr uap-form-submit\">\r\n\t\t\t\t\t\t<input type=\"submit\" value=\"R\u00e9initialiser le mot de passe\" name=\"Submit\" class=\"button button-primary button-large uap-reset-password-button\" \/>\r\n\t\t\t\t\t<\/div>\r\n\t\t\t\t\r\n\t<input type=\"hidden\" name=\"trp-form-language\" value=\"fr\"\/><\/form>\r\n\r\n<\/div>","protected":false},"excerpt":{"rendered":"<p>Veuillez saisir votre nom d'utilisateur ou votre adresse \u00e9lectronique ci-dessous. Vous recevrez un lien pour confirmer la demande par e-mail. Un nouveau mot de passe sera g\u00e9n\u00e9r\u00e9 et pourra \u00eatre modifi\u00e9 ult\u00e9rieurement \u00e0 partir du portail des affili\u00e9s.<\/p>","protected":false},"author":2,"featured_media":0,"parent":0,"menu_order":0,"comment_status":"closed","ping_status":"closed","template":"","meta":{"_et_pb_use_builder":"","_et_pb_old_content":"","_et_gb_content_width":"","footnotes":""},"class_list":["post-5239","page","type-page","status-publish","hentry"],"_links":{"self":[{"href":"https:\/\/adventure-hunt.com\/fr\/wp-json\/wp\/v2\/pages\/5239","targetHints":{"allow":["GET"]}}],"collection":[{"href":"https:\/\/adventure-hunt.com\/fr\/wp-json\/wp\/v2\/pages"}],"about":[{"href":"https:\/\/adventure-hunt.com\/fr\/wp-json\/wp\/v2\/types\/page"}],"author":[{"embeddable":true,"href":"https:\/\/adventure-hunt.com\/fr\/wp-json\/wp\/v2\/users\/2"}],"replies":[{"embeddable":true,"href":"https:\/\/adventure-hunt.com\/fr\/wp-json\/wp\/v2\/comments?post=5239"}],"version-history":[{"count":2,"href":"https:\/\/adventure-hunt.com\/fr\/wp-json\/wp\/v2\/pages\/5239\/revisions"}],"predecessor-version":[{"id":6652,"href":"https:\/\/adventure-hunt.com\/fr\/wp-json\/wp\/v2\/pages\/5239\/revisions\/6652"}],"wp:attachment":[{"href":"https:\/\/adventure-hunt.com\/fr\/wp-json\/wp\/v2\/media?parent=5239"}],"curies":[{"name":"wp","href":"https:\/\/api.w.org\/{rel}","templated":true}]}}