{"id":6312,"date":"2026-02-13T13:57:20","date_gmt":"2026-02-13T13:57:20","guid":{"rendered":"https:\/\/adventure-hunt.com\/?page_id=6312"},"modified":"2026-02-13T14:21:49","modified_gmt":"2026-02-13T14:21:49","slug":"legale","status":"publish","type":"page","link":"https:\/\/adventure-hunt.com\/it\/support\/legal\/","title":{"rendered":"Libro legale e dei reclami"},"content":{"rendered":"<p>[et_pb_section fb_built=&#8221;1&#8243; _builder_version=&#8221;4.16&#8243; global_colors_info=&#8221;{}&#8221;][et_pb_row _builder_version=&#8221;4.27.4&#8243; _module_preset=&#8221;default&#8221;][et_pb_column _builder_version=&#8221;4.27.4&#8243; _module_preset=&#8221;default&#8221; type=&#8221;4_4&#8243;][et_pb_text _builder_version=&#8221;4.27.4&#8243; _module_preset=&#8221;default&#8221; global_colors_info=&#8221;{}&#8221;]<\/p>\n<h1>Adventure Hunt Legal Information<\/h1>\n<p>[\/et_pb_text][et_pb_text _builder_version=&#8221;4.27.4&#8243; background_size=&#8221;initial&#8221; background_position=&#8221;top_left&#8221; background_repeat=&#8221;repeat&#8221; global_colors_info=&#8221;{}&#8221;]<\/p>\n<p><!-- divi:heading --><\/p>\n<p>CIF: B24951832<\/p>\n<p>Adventure Hunt Legal Address:\u00a0Calle Violeta 39A, El Medano, 38612, Tenerife, SPAIN<\/p>\n<p>DUNS ID: 473110736<\/p>\n<p><!-- \/divi:paragraph --><\/p>\n<p>[\/et_pb_text][et_pb_text _builder_version=&#8221;4.27.4&#8243; _module_preset=&#8221;default&#8221; global_colors_info=&#8221;{}&#8221;]<\/p>\n<h1>Complaints Book \/ Book of Reclamations<\/h1>\n<p>[\/et_pb_text][\/et_pb_column][\/et_pb_row][et_pb_row _builder_version=&#8221;4.27.4&#8243; _module_preset=&#8221;default&#8221; column_structure=&#8221;1_3,2_3&#8243;][et_pb_column _builder_version=&#8221;4.27.4&#8243; _module_preset=&#8221;default&#8221; type=&#8221;1_3&#8243;][et_pb_image src=&#8221;https:\/\/adventure-hunt.com\/wp-content\/uploads\/2026\/02\/QR-Code.png&#8221; title_text=&#8221;QR Code&#8221; _builder_version=&#8221;4.27.4&#8243; _module_preset=&#8221;default&#8221; global_colors_info=&#8221;{}&#8221;][\/et_pb_image][\/et_pb_column][et_pb_column _builder_version=&#8221;4.27.4&#8243; _module_preset=&#8221;default&#8221; type=&#8221;2_3&#8243;][et_pb_text _builder_version=&#8221;4.27.4&#8243; _module_preset=&#8221;default&#8221; global_colors_info=&#8221;{}&#8221;]<\/p>\n<p>By scanning the QR code on your electronic device, you will link to the Electronic Headquarters of the Government of the Canary Islands to fill in the<br \/>electronic claim form. As much evidence or data that can contribute to the best judgment of the facts that are the subject of this claim must be provided<br \/>(supported formats PDF, JPG, PNG or TIFF)<\/p>\n<p>If you do not have any electronic means or an identification system approved by the Electronic Headquarters of the Government of the Canary Islands, you<br \/>must <a href=\"https:\/\/adventure-hunt.com\/wp-content\/uploads\/Complaint-form.pdf\" target=\"_blank\" rel=\"noopener\">download the printed claim form<\/a>. You can check the identification systems supported in the Electronic Office of the Canary Islands (<a href=\"https:\/\/sede.gobiernodecanarias.org\/sede\/\" target=\"_blank\" rel=\"noopener\">https:\/\/sede.gobiernodecanarias.org\/sede\/<\/a>).<\/p>\n<p>[\/et_pb_text][\/et_pb_column][\/et_pb_row][et_pb_row _builder_version=&#8221;4.27.4&#8243; _module_preset=&#8221;default&#8221;][et_pb_column _builder_version=&#8221;4.27.4&#8243; _module_preset=&#8221;default&#8221; type=&#8221;4_4&#8243;][et_pb_text _builder_version=&#8221;4.27.4&#8243; _module_preset=&#8221;default&#8221; global_colors_info=&#8221;{}&#8221;]<\/p>\n<h2>INSTRUCTIONS<\/h2>\n<p>This complaint form is the means that the Public Administration Services make available to consumers and users, with the purpose of enabling them to formulate their<br \/>claims and complaints in the field of consumer relations in the territory of the autonomous region of the Canary Islands, in application of the extrajudicial dispute<br \/>resolution and market discipline mechanisms contemplated in Ley 3\/2003, de 12 de febrero, del Estatuto de los Consumidores y Usuarios de la Comunidad<br \/>Aut\u00f3noma de Canarias and in accordance with the provisions of Decreto 90\/2023, de 25 de mayo, por el que se regulan los servicios de atenci\u00f3n a la clientela, las<br \/>caracter\u00edsticas y el procedimiento de obtenci\u00f3n de las hojas de reclamaciones y su tramitaci\u00f3n administrativa en las relaciones de consumo.<br \/>The person in charge of the business must hand out complaint forms to the customers when they request them and provide them with the necessary explanations<br \/>and information for their proper completion by the consumer or user.<\/p>\n<h2>PRIOR SUBMISSION OF THE COMPLAINT TO THE CUSTOMER SERVICE DEPARTMENT<\/h2>\n<p>Prior to the submission of the complaint form to the appropriate administrative authority, the consumer or user must contact the customer service department of the<br \/>claimed business person to communicate his\/her complaint, that will handle it by any means, either in person \u2014in the business premises\u2014 or remotely \u2014by<br \/>telephone, e-mail, postal address, among others\u2014, at the choice of the business person, and will provide the consumer or user with an identification code and<br \/>written proof of the submission of said prior complaint, on paper or on any other durable medium to keep a record of it. The claimed business person shall respond<br \/>to the complaint as soon as possible, and in any case, within a maximum period of one month from its submission, unless the specific or sectoral regulations<br \/>applicable establish a different term.<\/p>\n<h2>SUBMISSION OF THE COMPLAINT TO THE APPROPRIATE ADMINISTRATIVE AUTHORITY<\/h2>\n<p>In the event of receiving an unsatisfactory response to the previous complaint from the customer service department of the business person or if the period of one<br \/>month has elapsed without having received any response, the consumer or user shall submit the duly completed complaint form to the Consumer Information<br \/>Office corresponding to his\/her municipality or island, or if there is no such office, it will be sent directly to the Direcci\u00f3n General de Comercio y Consumo of the<br \/>Canary Islands Government, by submitting it to any of the registries provided for in Ley 39\/2015, de 1 de octubre, de Procedimiento Administrativo Com\u00fan de las<br \/>Administraciones P\u00fablicas, or electronically through the electronic office of the corresponding body.<\/p>\n<p>It must be provided, together with the complaint form, any evidence or data that may contribute to a better assessment of the facts that are the object of the<br \/>complaint. In any case, a document proving the consumer relationship (invoice, contract, etc.) must be attached, as well as proof of the prior submission of the<br \/>complaint to the customer service department of the business person and the response received, if applicable. It should be noted that it constitutes a reason for<br \/>inadmissibility of the claim not having previously submitted it to the customer service department of the business person or when having attempted the prior<br \/>submission without success, said attempt is not justified to the administrative authority. Upon receipt of the complaint by the competent administrative authority, it will<br \/>be submitted, where appropriate, to mediation. Mediation is an extrajudicial dispute resolution procedure between consumers and companies or professionals<br \/>concerning their recognised rights as consumers and users, chosen and accepted by both parties and not requiring litigation before the Courts of Law, in which a<br \/>mediator guides and assists the parties so that a satisfactory agreement can be reached. Failure to reach an agreement satisfactory to the consumer will result in the<br \/>consumer having recourse to the Civil Courts of Law or to the extrajudicial procedure of the consumer arbitration system<\/p>\n<p>[\/et_pb_text][\/et_pb_column][\/et_pb_row][\/et_pb_section]<\/p>\n","protected":false},"excerpt":{"rendered":"<p>Adventure Hunt Legal Information CIF: B24951832 Adventure Hunt Legal Address:\u00a0Calle Violeta 39A, El Medano, 38612, Tenerife, SPAIN DUNS ID: 473110736 Complaints Book \/ Book of ReclamationsBy scanning the QR code on your electronic device, you will link to the Electronic Headquarters of the Government of the Canary Islands to fill in theelectronic claim form. As [&hellip;]<\/p>\n","protected":false},"author":2,"featured_media":0,"parent":52,"menu_order":0,"comment_status":"closed","ping_status":"closed","template":"","meta":{"_et_pb_use_builder":"on","_et_pb_old_content":"","_et_gb_content_width":"","footnotes":""},"class_list":["post-6312","page","type-page","status-publish","hentry"],"_links":{"self":[{"href":"https:\/\/adventure-hunt.com\/it\/wp-json\/wp\/v2\/pages\/6312","targetHints":{"allow":["GET"]}}],"collection":[{"href":"https:\/\/adventure-hunt.com\/it\/wp-json\/wp\/v2\/pages"}],"about":[{"href":"https:\/\/adventure-hunt.com\/it\/wp-json\/wp\/v2\/types\/page"}],"author":[{"embeddable":true,"href":"https:\/\/adventure-hunt.com\/it\/wp-json\/wp\/v2\/users\/2"}],"replies":[{"embeddable":true,"href":"https:\/\/adventure-hunt.com\/it\/wp-json\/wp\/v2\/comments?post=6312"}],"version-history":[{"count":5,"href":"https:\/\/adventure-hunt.com\/it\/wp-json\/wp\/v2\/pages\/6312\/revisions"}],"predecessor-version":[{"id":6320,"href":"https:\/\/adventure-hunt.com\/it\/wp-json\/wp\/v2\/pages\/6312\/revisions\/6320"}],"up":[{"embeddable":true,"href":"https:\/\/adventure-hunt.com\/it\/wp-json\/wp\/v2\/pages\/52"}],"wp:attachment":[{"href":"https:\/\/adventure-hunt.com\/it\/wp-json\/wp\/v2\/media?parent=6312"}],"curies":[{"name":"wp","href":"https:\/\/api.w.org\/{rel}","templated":true}]}}