{"id":5235,"date":"2025-08-17T17:19:30","date_gmt":"2025-08-17T17:19:30","guid":{"rendered":"https:\/\/adventure-hunt.com\/become-an-affiliate\/"},"modified":"2025-08-17T17:19:30","modified_gmt":"2025-08-17T17:19:30","slug":"tornar-se-afiliado","status":"publish","type":"page","link":"https:\/\/adventure-hunt.com\/pt\/become-an-affiliate\/","title":{"rendered":"Tornar-se um afiliado"},"content":{"rendered":"<p>Adira ao nosso programa de afiliados e ganhe uma comiss\u00e3o por cada venda bem sucedida que indicar ou pela inscri\u00e7\u00e3o de um novo cliente. Inscreva-se hoje e comece a ganhar!<\/p>\n<div class=\"uap-register-form  uap-register-14\">\r\n\r\n\t\r\n\t<form action=\"\" method=\"post\" name=\"uap_createuser\" id=\"uap_createuser\" class=\"uap-form-create-edit\" enctype=\"multipart\/form-data\" data-trp-original-action=\"\"  >\r\n\r\n\t\t\r\n\t\t\t\t\t\t\t\t\t\t\t\t\t\t<div class=\"uap-form-line-register uap-form-text\" id=\"uap_reg_text_9626\"><label class=\"uap-labels-register\">Nome de utilizador<span class=\"uap-color-red\">*<\/span><\/label><input type=\"text\" name=\"user_login\" id=\"uap_user_login_field\" class=\"uap-form-element uap-form-element-text\" value=\"\" placeholder=\"\"   \/><\/div>\t\t\t\t\t\t\t\t\t\t\t\t<div class=\"uap-form-line-register uap-form-text\" id=\"uap_reg_text_7075\"><label class=\"uap-labels-register\">Nome pr\u00f3prio<span class=\"uap-color-red\">*<\/span><\/label><input type=\"text\" name=\"first_name\" id=\"uap_first_name_field\" class=\"uap-form-element uap-form-element-text\" value=\"\" placeholder=\"\"   \/><\/div>\t\t\t\t\t\t\t\t\t\t\t\t<div class=\"uap-form-line-register uap-form-text\" id=\"uap_reg_text_1792\"><label class=\"uap-labels-register\">Apelido<span class=\"uap-color-red\">*<\/span><\/label><input type=\"text\" name=\"last_name\" id=\"uap_last_name_field\" class=\"uap-form-element uap-form-element-text\" value=\"\" placeholder=\"\"   \/><\/div>\t\t\t\t\t\t\t\t\t\t\t\t<div class=\"uap-form-line-register uap-form-text\" id=\"uap_reg_text_5921\"><label class=\"uap-labels-register\">Correio eletr\u00f3nico<span class=\"uap-color-red\">*<\/span><\/label><input type=\"text\" name=\"user_email\" id=\"uap_user_email_field\" class=\"uap-form-element uap-form-element-text\" value=\"\" placeholder=\"\"   \/><\/div>\t\t\t\t\t\t\t\t\t\t\t\t\t\t\t\t\t\t\t\t<div class=\"uap-form-line-register uap-form-password\" id=\"uap_reg_password_4595\"><label class=\"uap-labels-register\">Palavra-passe<span class=\"uap-color-red\">*<\/span><\/label><input type=\"password\" name=\"pass1\" id=\"uap_pass1_field\" class=\"uap-form-element uap-form-element-password\" value=\"\" placeholder=\"\"  data-rules=\"6,1\"  autocomplete=\"new-password\" \/><div class=\"uap-strength-wrapper\"><ul class=\"uap-strength\"><li class=\"point\"><\/li><li class=\"point\"><\/li><li class=\"point\"><\/li><li class=\"point\"><\/li><li class=\"point\"><\/li><\/ul><div class=\"uap-strength-label\"><\/div><\/div><\/div>\t\t\t\t\t\t\t\t\t\t\t\t<div class=\"uap-form-line-register uap-form-password\" id=\"uap_reg_password_3028\"><label class=\"uap-labels-register\">Confirma\u00e7\u00e3o da palavra-passe<span class=\"uap-color-red\">*<\/span><\/label><input type=\"password\" name=\"pass2\" id=\"uap_pass2_field\" class=\"uap-form-element uap-form-element-password\" value=\"\" placeholder=\"\"  data-rules=\"6,1\"  autocomplete=\"new-password\" \/><div class=\"uap-strength-wrapper\"><ul class=\"uap-strength\"><li class=\"point\"><\/li><li class=\"point\"><\/li><li class=\"point\"><\/li><li class=\"point\"><\/li><li class=\"point\"><\/li><\/ul><div class=\"uap-strength-label\"><\/div><\/div><\/div>\t\t\t\t\t\t\t\t\t\t\t\t\t\t\t\t\t\t\t\t\t\t\t\t\t\t\t\t\t\t\t\t\t\t\t\t\t\t\t\t\t\t\t\t\t\t\t\t<div class=\"uap-form-line-register uap-form-textarea\" id=\"uap_reg_textarea_6782\"><label class=\"uap-labels-register\">Dep\u00f3sito direto (detalhes do pagamento)<\/label><textarea name=\"uap_affiliate_bank_transfer_data\" id=\"uap_uap_affiliate_bank_transfer_data_field\" class=\"uap-form-element uap-form-element-textarea uap-form-textarea\"   ><\/textarea><label class=\"uap-form-sublabel\">Dados da conta banc\u00e1ria para transfer\u00eancia eletr\u00f3nica.<\/label><\/div>\t\t\t\t\t\t\t\t\t\t\t\t<div class=\"uap-form-line-register uap-form-textarea\" id=\"uap_reg_textarea_8171\"><label class=\"uap-labels-register\">Como \u00e9 que nos v\u00e3o promover?<\/label><textarea name=\"how_promote\" id=\"uap_how_promote_field\" class=\"uap-form-element uap-form-element-textarea uap-form-textarea\"   ><\/textarea><label class=\"uap-form-sublabel\">Fale-nos um pouco sobre si e sobre a forma como tenciona promover os nossos produtos.<\/label><\/div>\t\t\t\t\t\t\t\t\t\t\t\t<div class=\"uap-tos-wrap\" id=\"uap_tos_field_parent_610\"><input type=\"checkbox\" value=\"1\" name=\"tos\" class=\"\" \/><a href=\"https:\/\/adventure-hunt.com\/pt\/affiliate-tos-page\/\" target=\"_blank\">Aceitar os nossos Termos e Condi\u00e7\u00f5es<\/a><\/div>\t\t\t\t\t\t\t\t\t\t\t\t\t\t\t\t\t\t\t\t\t\t\t\t\t\t\t\t\t\t\t\t\t\t<input type='hidden' name='uap_user_add_edit_nonce' value='190ee0fef5' \/>\t\t\t\t\t\t\t<input type=\"hidden\" name=\"uapaction\" id=\"uap_uapaction_field\" class=\"uap-form-element uap-form-element-hidden\" value=\"register\"  \/>\t\t\t\t\t\r\n\t\t\r\n\t\t        \t<div class=\"uap-register-row-left\">\r\n        \r\n\t\t<div class=\"uap-submit-form\">\r\n\t\t\t<input type=\"submit\" value=\"Registar\" name=\"Submit\" id=\"uap_submit_bttn\" class=\"uap-form-element uap-form-element-submit\"   \/>\t\t<\/div>\r\n\r\n                \t<\/div>\r\n            <div class=\"uap-register-row-right\">\r\n            <div class=\"uap-login-link\"><a href=\"https:\/\/adventure-hunt.com\/pt\/affiliate-login\/\">Iniciar sess\u00e3o<\/a><\/div>            <\/div>\r\n            <div class=\"uap-clear\"><\/div>\r\n        \r\n\t\t\r\n\t\t\r\n\t<input type=\"hidden\" name=\"trp-form-language\" value=\"pt\"\/><\/form>\r\n<\/div>","protected":false},"excerpt":{"rendered":"<p>Adira ao nosso programa de afiliados e ganhe uma comiss\u00e3o por cada venda bem sucedida que indicar ou pela inscri\u00e7\u00e3o de um novo cliente. Inscreva-se hoje e comece a ganhar!<\/p>","protected":false},"author":2,"featured_media":0,"parent":0,"menu_order":0,"comment_status":"closed","ping_status":"closed","template":"","meta":{"_et_pb_use_builder":"","_et_pb_old_content":"","_et_gb_content_width":"","footnotes":""},"class_list":["post-5235","page","type-page","status-publish","hentry"],"_links":{"self":[{"href":"https:\/\/adventure-hunt.com\/pt\/wp-json\/wp\/v2\/pages\/5235","targetHints":{"allow":["GET"]}}],"collection":[{"href":"https:\/\/adventure-hunt.com\/pt\/wp-json\/wp\/v2\/pages"}],"about":[{"href":"https:\/\/adventure-hunt.com\/pt\/wp-json\/wp\/v2\/types\/page"}],"author":[{"embeddable":true,"href":"https:\/\/adventure-hunt.com\/pt\/wp-json\/wp\/v2\/users\/2"}],"replies":[{"embeddable":true,"href":"https:\/\/adventure-hunt.com\/pt\/wp-json\/wp\/v2\/comments?post=5235"}],"version-history":[{"count":0,"href":"https:\/\/adventure-hunt.com\/pt\/wp-json\/wp\/v2\/pages\/5235\/revisions"}],"wp:attachment":[{"href":"https:\/\/adventure-hunt.com\/pt\/wp-json\/wp\/v2\/media?parent=5235"}],"curies":[{"name":"wp","href":"https:\/\/api.w.org\/{rel}","templated":true}]}}