{"id":5835,"date":"2025-11-10T12:54:20","date_gmt":"2025-11-10T12:54:20","guid":{"rendered":"https:\/\/adventure-hunt.com\/?post_type=product&#038;p=5835"},"modified":"2026-04-05T10:58:20","modified_gmt":"2026-04-05T10:58:20","slug":"villajoyosa","status":"publish","type":"product","link":"https:\/\/adventure-hunt.com\/pt\/product\/villajoyosa\/","title":{"rendered":"Villajoyosa"},"content":{"rendered":"<p>[et_pb_section fb_built=&#8221;1&#8243; _builder_version=&#8221;4.16&#8243; custom_padding=&#8221;0px||||false|false&#8221; global_colors_info=&#8221;{}&#8221;][et_pb_row _builder_version=&#8221;4.16&#8243; background_size=&#8221;initial&#8221; background_position=&#8221;top_left&#8221; background_repeat=&#8221;repeat&#8221; width=&#8221;100%&#8221; custom_padding=&#8221;0px||0px||false|false&#8221; global_colors_info=&#8221;{}&#8221;][et_pb_column type=&#8221;4_4&#8243; _builder_version=&#8221;4.16&#8243; custom_padding=&#8221;|||&#8221; global_colors_info=&#8221;{}&#8221; custom_padding__hover=&#8221;|||&#8221;][et_pb_wc_cart_notice _builder_version=&#8221;4.16&#8243; global_colors_info=&#8221;{}&#8221;][\/et_pb_wc_cart_notice][\/et_pb_column][\/et_pb_row][et_pb_row column_structure=&#8221;1_2,1_2&#8243; _builder_version=&#8221;4.16&#8243; background_size=&#8221;initial&#8221; background_position=&#8221;top_left&#8221; background_repeat=&#8221;repeat&#8221; width=&#8221;100%&#8221; custom_padding=&#8221;0px||||false|false&#8221; global_colors_info=&#8221;{}&#8221;][et_pb_column type=&#8221;1_2&#8243; _builder_version=&#8221;4.16&#8243; custom_padding=&#8221;|||&#8221; global_colors_info=&#8221;{}&#8221; custom_padding__hover=&#8221;|||&#8221;][et_pb_wc_title _builder_version=&#8221;4.16&#8243; global_colors_info=&#8221;{}&#8221;][\/et_pb_wc_title][et_pb_wc_description _builder_version=&#8221;4.16&#8243; global_colors_info=&#8221;{}&#8221;][\/et_pb_wc_description][et_pb_wc_price _builder_version=&#8221;4.16&#8243; global_colors_info=&#8221;{}&#8221;][\/et_pb_wc_price][et_pb_wc_add_to_cart _builder_version=&#8221;4.16&#8243; global_colors_info=&#8221;{}&#8221;][\/et_pb_wc_add_to_cart][et_pb_text module_id=&#8221;buy-now&#8221; _builder_version=&#8221;4.27.4&#8243; _module_preset=&#8221;default&#8221; global_module=&#8221;2307&#8243; global_colors_info=&#8221;{}&#8221;]<\/p>\n<ul>\n<li>The price is PER GROUP<\/li>\n<li>You do not need to select a date or time.<\/li>\n<li>Our app opens using the same language as your phone if it is available. You can change to one of the other supported languages when you login if preferred.<\/li>\n<li>You can do your Adventure Hunt at any time as the Adventure Hunt App guides you from clue to clue, though some clues will be tricky without daylight.<\/li>\n<li>Your booking confirmation email includes all of the information needed to start your Adventure Hunt!<\/li>\n<li>We suggest you install the app and login to it before you leave home. You can then read through the first few screens and make sure everything is working for you.<\/li>\n<li>The app will direct you to the start of your Adventure Hunt.<\/li>\n<\/ul>\n<p>[\/et_pb_text][\/et_pb_column][et_pb_column type=&#8221;1_2&#8243; _builder_version=&#8221;4.16&#8243; custom_padding=&#8221;|||&#8221; global_colors_info=&#8221;{}&#8221; custom_padding__hover=&#8221;|||&#8221;][et_pb_wc_images _builder_version=&#8221;4.16&#8243; global_colors_info=&#8221;{}&#8221;][\/et_pb_wc_images][et_pb_toggle title=&#8221;More Information&#8221; _builder_version=&#8221;4.27.4&#8243; _dynamic_attributes=&#8221;content&#8221; _module_preset=&#8221;default&#8221; global_colors_info=&#8221;{}&#8221;]@ET-DC@eyJkeW5hbWljIjp0cnVlLCJjb250ZW50IjoicHJvZHVjdF9kZXNjcmlwdGlvbiIsInNldHRpbmdzIjp7ImJlZm9yZSI6IiIsImFmdGVyIjoiIn19@[\/et_pb_toggle][\/et_pb_column][\/et_pb_row][et_pb_row _builder_version=&#8221;4.16&#8243; background_size=&#8221;initial&#8221; background_position=&#8221;top_left&#8221; background_repeat=&#8221;repeat&#8221; width=&#8221;100%&#8221; global_colors_info=&#8221;{}&#8221;][et_pb_column type=&#8221;4_4&#8243; _builder_version=&#8221;4.16&#8243; custom_padding=&#8221;|||&#8221; global_colors_info=&#8221;{}&#8221; custom_padding__hover=&#8221;|||&#8221;][et_pb_wc_related_products include_categories=&#8221;279&#8243; _builder_version=&#8221;4.27.4&#8243; title_font_size=&#8221;14px&#8221; product_title_font_size=&#8221;14px&#8221; global_colors_info=&#8221;{}&#8221;][\/et_pb_wc_related_products][\/et_pb_column][\/et_pb_row][\/et_pb_section]<\/p>\n","protected":false},"excerpt":{"rendered":"<p>A Ca\u00e7a ao Tesouro de Villajoyosa come\u00e7a perto da praia (Plaza de Villajoyosa) e leva-o pela cidade velha, parques e pra\u00e7as.<\/p>\n<p>Esta ca\u00e7ada est\u00e1 dispon\u00edvel em ingl\u00eas, espanhol, italiano, alem\u00e3o, franc\u00eas e neerland\u00eas.<\/p>\n<p><a href=\"https:\/\/goo.gl\/maps\/v9KJ3yxUs87K7N6RA?g_st=aw\">Clique aqui para abrir o local de partida no Google Maps.<\/a><\/p>","protected":false},"featured_media":6293,"template":"","meta":{"_et_pb_use_builder":"on","_et_pb_old_content":"Adventure Hunt is a new outdoor escape room experience in Villajoyosa. It is similar to escape rooms and scavenger hunts. Each puzzle uses items in plain sight.\u00a0 They might be murals, cultural features, plaques, visual and numerical patterns, or things hiding in plain sight!\u00a0The questions are designed to make you think and pay attention, making for a fun group activity.\r\n\r\nThe<a href=\"https:\/\/adventure-hunt.com\/support\/\">\u00a0Adventure Hunt App<\/a>\u00a0helps you navigate between puzzles without simply asking you to follow a dot on a map.\u00a0 Hints can be used if you need assistance solving any of the puzzles.\u00a0 The App is available on both\u00a0<a href=\"https:\/\/play.google.com\/store\/apps\/details?id=com.adventurehunt.app\">Android<\/a>\u00a0and\u00a0<a href=\"https:\/\/apps.apple.com\/app\/id1607679827#?platform=iphone\">iPhone<\/a>.\r\n\r\nThis Adventure Hunt is set in and around the Old Town area of Villajoyosa, in the Alicante region.\u00a0Villajoyosa makes a great location for an Adventure Hunt, with interesting places to see, things to find, and places to explore.\r\n\r\nThis route begins near the middle of Villajoyosa\u2019s main town beach.\u00a0It is a circular route, which starts near the beach, but leads you through the charming, narrow streets of the old town.\u00a0Due to the location of the old town and the parks, there are quite a few steps!\r\n\r\nAlong the route, you will see lots of art (statues\/sculptures and murals), two beautiful fountains, a church, and several plazas.\u00a0You will also pass through two parks, encompassing a little nature and beauty into the route, water features, and areas to exercise and play.\u00a0This route is great if you are interested in history, art, and culture.\r\n\r\nThis Adventure Hunt consists of 25 clues spread over 2.4km, and it is made up of:\r\n<ul>\r\n \t<li>44% logical puzzles<\/li>\r\n \t<li>26% 2-part discovery puzzles<\/li>\r\n \t<li>30% observation puzzles.<\/li>\r\n<\/ul>\r\nThis Adventure Hunt is great if you want to immerse yourself in Villajoyosa\u00b4s history and culture.\r\n\r\nIt starts\/ends at the beach, but takes you on a tour through the maze that is the old town as well as pedestrian greenways, including some awesome views!\r\n\r\nAfter returning to the beach, you can take a walk along the beachfront and enjoy a drink or some food in one of the many food establishments situated there.\r\n\r\nChallenge yourself and have a great time with friends and family.\r\n\r\nThis Adventure Hunt consists of 25 clues spread over 2.4km.\r\n\r\nTo ensure that everyone is actively participating, a group size of 2-4 individuals is advised. If your group is larger, consider dividing into two different groups.\r\n\r\nWe also have more great Adventure Hunts in Alicante:\r\n<ol>\r\n \t<li>\u201c<a href=\"https:\/\/adventure-hunt.com\/new-alicante-escape-room-experience\/\">Alicante city<\/a>\u201d \u2013<em> a great way to explore the city like never before<\/em><\/li>\r\n \t<li>\u201c<a href=\"https:\/\/adventure-hunt.com\/new-alicante-escape-room-experience\/\">Parque Palmeral<\/a>\u201d \u2013 <em>a circular route that is great for kids and nature lovers<\/em><\/li>\r\n \t<li>\u201c<a href=\"https:\/\/adventure-hunt.com\/new-alicante-escape-room-experience\/\">Via Verde de la Cantera<\/a>\u201d <em>\u2013 a coastal route great for hikers, dogs, and sea views<\/em><\/li>\r\n \t<li>\u201c<a href=\"https:\/\/adventure-hunt.com\/new-alicante-escape-room-experience\/\">Alicante Old Town<\/a>\u201d \u2013 <em>including ALL the best places to visit in the old town<\/em><\/li>\r\n \t<li>\u201c<a href=\"https:\/\/adventure-hunt.com\/new-san-juan-escape-room-experience\/\">Playa de San Juan<\/a>\u201d<em> \u2013 from the busy beach to inland parks <\/em><\/li>\r\n \t<li>\u201c<a href=\"https:\/\/adventure-hunt.com\/new-campello-escape-room-experience\/\">Campello<\/a>\u201d<em> \u2013 a mix of art, fun and history, through plazas, park, and port<\/em><\/li>\r\n<\/ol>","_et_gb_content_width":""},"product_brand":[],"product_cat":[279,295],"product_tag":[],"class_list":{"0":"post-5835","1":"product","2":"type-product","3":"status-publish","4":"has-post-thumbnail","6":"product_cat-alicante","7":"product_cat-villajoyosa","9":"first","10":"instock","11":"downloadable","12":"virtual","13":"sold-individually","14":"purchasable","15":"product-type-simple"},"_links":{"self":[{"href":"https:\/\/adventure-hunt.com\/pt\/wp-json\/wp\/v2\/product\/5835","targetHints":{"allow":["GET"]}}],"collection":[{"href":"https:\/\/adventure-hunt.com\/pt\/wp-json\/wp\/v2\/product"}],"about":[{"href":"https:\/\/adventure-hunt.com\/pt\/wp-json\/wp\/v2\/types\/product"}],"wp:featuredmedia":[{"embeddable":true,"href":"https:\/\/adventure-hunt.com\/pt\/wp-json\/wp\/v2\/media\/6293"}],"wp:attachment":[{"href":"https:\/\/adventure-hunt.com\/pt\/wp-json\/wp\/v2\/media?parent=5835"}],"wp:term":[{"taxonomy":"product_brand","embeddable":true,"href":"https:\/\/adventure-hunt.com\/pt\/wp-json\/wp\/v2\/product_brand?post=5835"},{"taxonomy":"product_cat","embeddable":true,"href":"https:\/\/adventure-hunt.com\/pt\/wp-json\/wp\/v2\/product_cat?post=5835"},{"taxonomy":"product_tag","embeddable":true,"href":"https:\/\/adventure-hunt.com\/pt\/wp-json\/wp\/v2\/product_tag?post=5835"}],"curies":[{"name":"wp","href":"https:\/\/api.w.org\/{rel}","templated":true}]}}