{"id":6823,"date":"2026-04-21T09:50:36","date_gmt":"2026-04-21T09:50:36","guid":{"rendered":"https:\/\/adventure-hunt.com\/?post_type=product&#038;p=6823"},"modified":"2026-04-29T11:50:05","modified_gmt":"2026-04-29T11:50:05","slug":"comillas","status":"publish","type":"product","link":"https:\/\/adventure-hunt.com\/pt\/product\/comillas\/","title":{"rendered":"Comillas"},"content":{"rendered":"<p>[et_pb_section fb_built=&#8221;1&#8243; _builder_version=&#8221;4.16&#8243; custom_padding=&#8221;0px||||false|false&#8221; global_colors_info=&#8221;{}&#8221;][et_pb_row _builder_version=&#8221;4.16&#8243; background_size=&#8221;initial&#8221; background_position=&#8221;top_left&#8221; background_repeat=&#8221;repeat&#8221; width=&#8221;100%&#8221; custom_padding=&#8221;0px||0px||false|false&#8221; global_colors_info=&#8221;{}&#8221;][et_pb_column type=&#8221;4_4&#8243; _builder_version=&#8221;4.16&#8243; custom_padding=&#8221;|||&#8221; global_colors_info=&#8221;{}&#8221; custom_padding__hover=&#8221;|||&#8221;][et_pb_wc_cart_notice _builder_version=&#8221;4.16&#8243; global_colors_info=&#8221;{}&#8221;][\/et_pb_wc_cart_notice][\/et_pb_column][\/et_pb_row][et_pb_row column_structure=&#8221;1_2,1_2&#8243; _builder_version=&#8221;4.16&#8243; background_size=&#8221;initial&#8221; background_position=&#8221;top_left&#8221; background_repeat=&#8221;repeat&#8221; width=&#8221;100%&#8221; custom_padding=&#8221;0px||||false|false&#8221; global_colors_info=&#8221;{}&#8221;][et_pb_column type=&#8221;1_2&#8243; _builder_version=&#8221;4.16&#8243; custom_padding=&#8221;|||&#8221; global_colors_info=&#8221;{}&#8221; custom_padding__hover=&#8221;|||&#8221;][et_pb_wc_title _builder_version=&#8221;4.16&#8243; global_colors_info=&#8221;{}&#8221;][\/et_pb_wc_title][et_pb_wc_description _builder_version=&#8221;4.16&#8243; global_colors_info=&#8221;{}&#8221;][\/et_pb_wc_description][et_pb_wc_price _builder_version=&#8221;4.16&#8243; global_colors_info=&#8221;{}&#8221;][\/et_pb_wc_price][et_pb_wc_add_to_cart _builder_version=&#8221;4.16&#8243; global_colors_info=&#8221;{}&#8221;][\/et_pb_wc_add_to_cart][et_pb_text module_id=&#8221;buy-now&#8221; _builder_version=&#8221;4.27.4&#8243; _module_preset=&#8221;default&#8221; global_module=&#8221;2307&#8243; global_colors_info=&#8221;{}&#8221;]<\/p>\n<ul>\n<li>The price is PER GROUP<\/li>\n<li>You do not need to select a date or time.<\/li>\n<li>Our app opens using the same language as your phone if it is available. You can change to one of the other supported languages when you login if preferred.<\/li>\n<li>You can do your Adventure Hunt at any time as the Adventure Hunt App guides you from clue to clue, though some clues will be tricky without daylight.<\/li>\n<li>Your booking confirmation email includes all of the information needed to start your Adventure Hunt!<\/li>\n<li>We suggest you install the app and login to it before you leave home. You can then read through the first few screens and make sure everything is working for you.<\/li>\n<li>The app will direct you to the start of your Adventure Hunt.<\/li>\n<\/ul>\n<p>[\/et_pb_text][\/et_pb_column][et_pb_column type=&#8221;1_2&#8243; _builder_version=&#8221;4.16&#8243; custom_padding=&#8221;|||&#8221; global_colors_info=&#8221;{}&#8221; custom_padding__hover=&#8221;|||&#8221;][et_pb_wc_images _builder_version=&#8221;4.16&#8243; global_colors_info=&#8221;{}&#8221;][\/et_pb_wc_images][et_pb_toggle title=&#8221;More Information&#8221; _builder_version=&#8221;4.27.4&#8243; _dynamic_attributes=&#8221;content&#8221; _module_preset=&#8221;default&#8221; global_colors_info=&#8221;{}&#8221;]@ET-DC@eyJkeW5hbWljIjp0cnVlLCJjb250ZW50IjoicHJvZHVjdF9kZXNjcmlwdGlvbiIsInNldHRpbmdzIjp7ImJlZm9yZSI6IiIsImFmdGVyIjoiIn19@[\/et_pb_toggle][\/et_pb_column][\/et_pb_row][et_pb_row _builder_version=&#8221;4.16&#8243; background_size=&#8221;initial&#8221; background_position=&#8221;top_left&#8221; background_repeat=&#8221;repeat&#8221; width=&#8221;100%&#8221; global_colors_info=&#8221;{}&#8221;][et_pb_column type=&#8221;4_4&#8243; _builder_version=&#8221;4.16&#8243; custom_padding=&#8221;|||&#8221; global_colors_info=&#8221;{}&#8221; custom_padding__hover=&#8221;|||&#8221;][et_pb_wc_related_products product=&#8221;4984&#8243; posts_number=&#8221;6&#8243; _builder_version=&#8221;4.27.6&#8243; title_font_size=&#8221;14px&#8221; product_title_font_size=&#8221;14px&#8221; global_colors_info=&#8221;{}&#8221;][\/et_pb_wc_related_products][\/et_pb_column][\/et_pb_row][\/et_pb_section]<\/p>\n","protected":false},"excerpt":{"rendered":"<p>The Comillas Adventure Hunt \u00a0covers approximately 1 km and consists of 23 clues. It includes some gradual elevation.<\/p>\n<p>Esta ca\u00e7ada est\u00e1 dispon\u00edvel em ingl\u00eas, espanhol, italiano, alem\u00e3o, franc\u00eas e neerland\u00eas.<\/p>\n<p><a href=\"https:\/\/maps.app.goo.gl\/yjv22wFZBycx31Yz7\"> Clique aqui para abrir o local de partida no Google Maps.<\/a><\/p>","protected":false},"featured_media":7075,"template":"","meta":{"_et_pb_use_builder":"on","_et_pb_old_content":"The Comillas Adventure Hunt takes place in the heart of Comillas. We start at the Fuente de Tres Ca\u00f1os, and then meander our way through the charming historic streets of the town center. Along the way, you\u2019ll discover famous sites such as Plaza Corro de Camp\u00edos, San Crist\u00f3bal Church, Plaza de la Constituci\u00f3n, the old town hall, an observation deck overlooking the sea, the old town jail, and finally the Sagrado Coraz\u00f3n de Jes\u00fas viewpoint for a beautiful sweeping panorama of the city.\r\n\r\nThe route is almost a loop, returning you to around 250m from the start location. It covers approximately 1 km and consists of 23 clues. It includes some gradual elevation.\r\nYou should allow 1 to 2 hours to complete the hunt, but we recommend taking your time. Bring water, maybe a snack, and enjoy the journey at your own pace. If you prefer to enjoy some local foods or refreshments along the way, you\u2019ll be in the perfect area of the city to do so, with restaurants and bars galore!\r\n\r\nTo make sure everyone is engaged, we suggest groups of 2 to 4 participants. If your group is larger, split into smaller teams for a fun, friendly competition. Gather your friends or family, challenge your minds, and discover Comillas in a brand new way.\r\n<h3>Adventure is waiting! Are you ready?<\/h3>\r\nWe also have Adventure Hunts in Santander. New Adventure Hunts in Laredo and other spots around Cantabria are on the way, so keep an eye out! Follow Adventure Hunt on Facebook or Instagram to stay in the loop.","_et_gb_content_width":""},"product_brand":[],"product_cat":[285],"product_tag":[],"class_list":{"0":"post-6823","1":"product","2":"type-product","3":"status-publish","4":"has-post-thumbnail","6":"product_cat-santander","8":"first","9":"instock","10":"downloadable","11":"virtual","12":"sold-individually","13":"purchasable","14":"product-type-simple"},"_links":{"self":[{"href":"https:\/\/adventure-hunt.com\/pt\/wp-json\/wp\/v2\/product\/6823","targetHints":{"allow":["GET"]}}],"collection":[{"href":"https:\/\/adventure-hunt.com\/pt\/wp-json\/wp\/v2\/product"}],"about":[{"href":"https:\/\/adventure-hunt.com\/pt\/wp-json\/wp\/v2\/types\/product"}],"wp:featuredmedia":[{"embeddable":true,"href":"https:\/\/adventure-hunt.com\/pt\/wp-json\/wp\/v2\/media\/7075"}],"wp:attachment":[{"href":"https:\/\/adventure-hunt.com\/pt\/wp-json\/wp\/v2\/media?parent=6823"}],"wp:term":[{"taxonomy":"product_brand","embeddable":true,"href":"https:\/\/adventure-hunt.com\/pt\/wp-json\/wp\/v2\/product_brand?post=6823"},{"taxonomy":"product_cat","embeddable":true,"href":"https:\/\/adventure-hunt.com\/pt\/wp-json\/wp\/v2\/product_cat?post=6823"},{"taxonomy":"product_tag","embeddable":true,"href":"https:\/\/adventure-hunt.com\/pt\/wp-json\/wp\/v2\/product_tag?post=6823"}],"curies":[{"name":"wp","href":"https:\/\/api.w.org\/{rel}","templated":true}]}}